{"id":809,"date":"2017-12-17T23:39:52","date_gmt":"2017-12-17T22:39:52","guid":{"rendered":"http:\/\/polo.legtux.org\/WP\/?page_id=809"},"modified":"2022-03-01T09:50:34","modified_gmt":"2022-03-01T08:50:34","slug":"oups","status":"publish","type":"page","link":"https:\/\/polo.legtux.org\/WP\/oups\/","title":{"rendered":"Oup&#8217;s ! ! !"},"content":{"rendered":"<p>D\u00e9sol\u00e9, vous n&#8217;avez pas acc\u00e8s \u00e0 ces informations !<\/p>\n<p>Veuillez contacter l&#8217;administrateur&#8230;<\/p>\n","protected":false},"excerpt":{"rendered":"<p>D\u00e9sol\u00e9, vous n&#8217;avez pas acc\u00e8s \u00e0 ces informations ! Veuillez contacter l&#8217;administrateur&#8230;<\/p>\n","protected":false},"author":1,"featured_media":0,"parent":0,"menu_order":0,"comment_status":"closed","ping_status":"closed","template":"","meta":{"colormag_page_container_layout":"no_sidebar_content_centered","colormag_page_sidebar_layout":"no_sidebar","footnotes":""},"class_list":["post-809","page","type-page","status-publish","hentry"],"_links":{"self":[{"href":"https:\/\/polo.legtux.org\/WP\/wp-json\/wp\/v2\/pages\/809","targetHints":{"allow":["GET"]}}],"collection":[{"href":"https:\/\/polo.legtux.org\/WP\/wp-json\/wp\/v2\/pages"}],"about":[{"href":"https:\/\/polo.legtux.org\/WP\/wp-json\/wp\/v2\/types\/page"}],"author":[{"embeddable":true,"href":"https:\/\/polo.legtux.org\/WP\/wp-json\/wp\/v2\/users\/1"}],"replies":[{"embeddable":true,"href":"https:\/\/polo.legtux.org\/WP\/wp-json\/wp\/v2\/comments?post=809"}],"version-history":[{"count":1,"href":"https:\/\/polo.legtux.org\/WP\/wp-json\/wp\/v2\/pages\/809\/revisions"}],"predecessor-version":[{"id":4066,"href":"https:\/\/polo.legtux.org\/WP\/wp-json\/wp\/v2\/pages\/809\/revisions\/4066"}],"wp:attachment":[{"href":"https:\/\/polo.legtux.org\/WP\/wp-json\/wp\/v2\/media?parent=809"}],"curies":[{"name":"wp","href":"https:\/\/api.w.org\/{rel}","templated":true}]}}