{"id":4288,"date":"2022-12-29T23:06:03","date_gmt":"2022-12-29T22:06:03","guid":{"rendered":"https:\/\/polo.legtux.org\/WP\/?page_id=4288"},"modified":"2025-11-18T17:07:31","modified_gmt":"2025-11-18T16:07:31","slug":"les-recettes-de-mam","status":"publish","type":"page","link":"https:\/\/polo.legtux.org\/WP\/l-atelier-de-mam\/les-recettes-de-mam\/","title":{"rendered":"Les recettes de Mam"},"content":{"rendered":"\t\t<div data-elementor-type=\"wp-page\" data-elementor-id=\"4288\" class=\"elementor elementor-4288\">\n\t\t\t\t\t\t<section class=\"elementor-section elementor-top-section elementor-element elementor-element-df1fdd2 elementor-section-full_width elementor-section-height-default elementor-section-height-default\" data-id=\"df1fdd2\" data-element_type=\"section\" data-e-type=\"section\">\n\t\t\t\t\t\t<div class=\"elementor-container elementor-column-gap-default\">\n\t\t\t\t\t<div class=\"elementor-column elementor-col-100 elementor-top-column elementor-element elementor-element-36d2f1d\" data-id=\"36d2f1d\" data-element_type=\"column\" data-e-type=\"column\">\n\t\t\t<div class=\"elementor-widget-wrap elementor-element-populated\">\n\t\t\t\t\t\t<div class=\"elementor-element elementor-element-fa04b41 elementor-invisible elementor-widget elementor-widget-heading\" data-id=\"fa04b41\" data-element_type=\"widget\" data-e-type=\"widget\" data-settings=\"{&quot;_animation&quot;:&quot;swing&quot;}\" data-widget_type=\"heading.default\">\n\t\t\t\t<div class=\"elementor-widget-container\">\n\t\t\t\t\t<h2 class=\"elementor-heading-title elementor-size-default\">Les recettes de Mam<\/h2>\t\t\t\t<\/div>\n\t\t\t\t<\/div>\n\t\t\t\t<div class=\"elementor-element elementor-element-f42e86c elementor-invisible elementor-widget elementor-widget-accordion\" data-id=\"f42e86c\" data-element_type=\"widget\" data-e-type=\"widget\" data-settings=\"{&quot;_animation&quot;:&quot;fadeInRight&quot;}\" data-widget_type=\"accordion.default\">\n\t\t\t\t<div class=\"elementor-widget-container\">\n\t\t\t\t\t\t\t<div class=\"elementor-accordion\">\n\t\t\t\t\t\t\t<div class=\"elementor-accordion-item\">\n\t\t\t\t\t<div id=\"elementor-tab-title-2561\" class=\"elementor-tab-title\" data-tab=\"1\" role=\"button\" aria-controls=\"elementor-tab-content-2561\" aria-expanded=\"false\">\n\t\t\t\t\t\t\t\t\t\t\t\t\t<span class=\"elementor-accordion-icon elementor-accordion-icon-left\" aria-hidden=\"true\">\n\t\t\t\t\t\t\t\t\t\t\t\t\t\t\t<span class=\"elementor-accordion-icon-closed\"><i class=\"fas fa-plus\"><\/i><\/span>\n\t\t\t\t\t\t\t\t<span class=\"elementor-accordion-icon-opened\"><i class=\"fas fa-minus\"><\/i><\/span>\n\t\t\t\t\t\t\t\t\t\t\t\t\t\t<\/span>\n\t\t\t\t\t\t\t\t\t\t\t\t<a class=\"elementor-accordion-title\" tabindex=\"0\">Verrines & Amuse bouche<\/a>\n\t\t\t\t\t<\/div>\n\t\t\t\t\t<div id=\"elementor-tab-content-2561\" class=\"elementor-tab-content elementor-clearfix\" data-tab=\"1\" role=\"region\" aria-labelledby=\"elementor-tab-title-2561\"><ul><li style=\"list-style-type: none;\"><ul><li><a href=\"https:\/\/polo.legtux.org\/WP\/wp-content\/uploads\/Bouchees-aux-crevettes.pdf\" target=\"_blank\" rel=\"noopener\">Bouch\u00e9es aux crevettes<\/a><\/li><li><a href=\"https:\/\/polo.legtux.org\/WP\/wp-content\/uploads\/Canneles-au-chorizo-750-grammes.pdf\" target=\"_blank\" rel=\"noopener\">Cannel\u00e9s au chorizo<\/a><\/li><li><a href=\"https:\/\/polo.legtux.org\/WP\/wp-content\/uploads\/Canneles-a-la-creme-au-roquefort-750-grammes.pdf\" target=\"_blank\" rel=\"noopener\">Cannel\u00e9s \u00e0 la cr\u00e8me au roquefort<\/a><\/li><li><a href=\"https:\/\/polo.legtux.org\/WP\/wp-content\/uploads\/Petits-canneles-au-saumon-750-grammes.pdf\" target=\"_blank\" rel=\"noopener\">Cannel\u00e9s au saumon<\/a><\/li><li><a href=\"https:\/\/polo.legtux.org\/WP\/wp-content\/uploads\/Verrine-de-saumon-et-sa-creme-davocat.pdf\" target=\"_blank\" rel=\"noopener\">Verrine de saumon et sa cr\u00e8me d&#8217;avocat<\/a><\/li><li><a href=\"https:\/\/polo.legtux.org\/WP\/wp-content\/uploads\/Tacos-poulet-Thomas-.pdf\" target=\"_blank\" rel=\"noopener\">Tacos poulet (Thomas Sab)<\/a><\/li><\/ul><\/li><\/ul><p><div class='printomatic pom-small ' id='id9925'  data-print_target='article'><\/div><\/p><div>\u00a0<\/div><\/div>\n\t\t\t\t<\/div>\n\t\t\t\t\t\t\t<div class=\"elementor-accordion-item\">\n\t\t\t\t\t<div id=\"elementor-tab-title-2562\" class=\"elementor-tab-title\" data-tab=\"2\" role=\"button\" aria-controls=\"elementor-tab-content-2562\" aria-expanded=\"false\">\n\t\t\t\t\t\t\t\t\t\t\t\t\t<span class=\"elementor-accordion-icon elementor-accordion-icon-left\" aria-hidden=\"true\">\n\t\t\t\t\t\t\t\t\t\t\t\t\t\t\t<span class=\"elementor-accordion-icon-closed\"><i class=\"fas fa-plus\"><\/i><\/span>\n\t\t\t\t\t\t\t\t<span class=\"elementor-accordion-icon-opened\"><i class=\"fas fa-minus\"><\/i><\/span>\n\t\t\t\t\t\t\t\t\t\t\t\t\t\t<\/span>\n\t\t\t\t\t\t\t\t\t\t\t\t<a class=\"elementor-accordion-title\" tabindex=\"0\">Entr\u00e9es<\/a>\n\t\t\t\t\t<\/div>\n\t\t\t\t\t<div id=\"elementor-tab-content-2562\" class=\"elementor-tab-content elementor-clearfix\" data-tab=\"2\" role=\"region\" aria-labelledby=\"elementor-tab-title-2562\"><ul><li><p><a href=\"https:\/\/polo.legtux.org\/WP\/wp-content\/uploads\/Cassolette-de-St-Jacques-gratinees.pdf\" target=\"_blank\" rel=\"noopener\">Cassolette de St Jacques gratin\u00e9es<\/a><\/p><\/li><li><p><a href=\"https:\/\/polo.legtux.org\/WP\/wp-content\/uploads\/coquilles-saint-jacques_Mamy-Lucette.pdf\" target=\"_blank\" rel=\"noopener\">Coquilles saint-jacques_Mamy Lucette<\/a><\/p><\/li><\/ul><p><div class='printomatic pom-small ' id='id2718'  data-print_target='article'><\/div><\/p><\/div>\n\t\t\t\t<\/div>\n\t\t\t\t\t\t\t<div class=\"elementor-accordion-item\">\n\t\t\t\t\t<div id=\"elementor-tab-title-2563\" class=\"elementor-tab-title\" data-tab=\"3\" role=\"button\" aria-controls=\"elementor-tab-content-2563\" aria-expanded=\"false\">\n\t\t\t\t\t\t\t\t\t\t\t\t\t<span class=\"elementor-accordion-icon elementor-accordion-icon-left\" aria-hidden=\"true\">\n\t\t\t\t\t\t\t\t\t\t\t\t\t\t\t<span class=\"elementor-accordion-icon-closed\"><i class=\"fas fa-plus\"><\/i><\/span>\n\t\t\t\t\t\t\t\t<span class=\"elementor-accordion-icon-opened\"><i class=\"fas fa-minus\"><\/i><\/span>\n\t\t\t\t\t\t\t\t\t\t\t\t\t\t<\/span>\n\t\t\t\t\t\t\t\t\t\t\t\t<a class=\"elementor-accordion-title\" tabindex=\"0\">Plats<\/a>\n\t\t\t\t\t<\/div>\n\t\t\t\t\t<div id=\"elementor-tab-content-2563\" class=\"elementor-tab-content elementor-clearfix\" data-tab=\"3\" role=\"region\" aria-labelledby=\"elementor-tab-title-2563\"><ul><li><a href=\"https:\/\/polo.legtux.org\/WP\/wp-content\/uploads\/boeuf_bourguignon_Yves.pdf\" target=\"_blank\" rel=\"noopener\">Boeuf bourguignon (Yves)<\/a><p><a href=\"https:\/\/polo.legtux.org\/WP\/wp-content\/uploads\/Boeuf_Bourguignon_Mam.pdf\" target=\"_blank\" rel=\"noopener\">Boeuf bourguignon (Mam)<\/a><\/p><\/li><li><a href=\"https:\/\/polo.legtux.org\/WP\/wp-content\/uploads\/Chapon-de-Bresse-en-croute-de-pain.pdf\" target=\"_blank\" rel=\"noopener\">Chapon de Bresse en croute de pain<\/a><\/li><li><a href=\"https:\/\/polo.legtux.org\/WP\/wp-content\/uploads\/Choucroute.pdf\" target=\"_blank\" rel=\"noopener\">Choucroute<\/a><\/li><li><a href=\"https:\/\/polo.legtux.org\/WP\/wp-content\/uploads\/Chow-mein.pdf\" target=\"_blank\" rel=\"noopener\">Chow mei<\/a><a href=\"https:\/\/polo.legtux.org\/WP\/wp-content\/uploads\/Chow-mein.pdf\" target=\"_blank\" rel=\"noopener\">n<\/a><\/li><li><a href=\"https:\/\/polo.legtux.org\/WP\/wp-content\/uploads\/Cocotte_de_viande.pdf\" target=\"_blank\" rel=\"noopener\">Cocotte de viande<\/a><\/li><li><a href=\"https:\/\/polo.legtux.org\/WP\/wp-content\/uploads\/Cotes-de-porc-au-cury-et-au-miel.pdf\" target=\"_blank\" rel=\"noopener\">C\u00f4tes de porc au curry et au miel<\/a><\/li><li><a href=\"https:\/\/polo.legtux.org\/WP\/wp-content\/uploads\/Lapin-potimarron-choux-fleur.pdf\" target=\"_blank\" rel=\"noopener\">Lapin potimarron cr\u00e8me de choux-fleur et huile de noix (Le T\u00e9l\u00e9gramme)<\/a><\/li><li><a href=\"https:\/\/polo.legtux.org\/WP\/wp-content\/uploads\/Lotte-a-l-armoricaine.pdf\" target=\"_blank\" rel=\"noopener\">Lotte \u00e0 l&#8217;armoricaine<\/a><\/li><li><a href=\"https:\/\/polo.legtux.org\/WP\/wp-content\/uploads\/Lotte-au-lard-creme-potimarron-pommes-Darphin-Recettes-LeTelegramme.pdf\" target=\"_blank\" rel=\"noopener\">Lotte au lard cr\u00e8me potimarron, pommes Darphin (Recette &#8211; LeTelegramme)<\/a><\/li><li><a href=\"https:\/\/polo.legtux.org\/WP\/wp-content\/uploads\/Oeufs-cocotte-vapeur.pdf\" target=\"_blank\" rel=\"noopener\">Oeufs cocotte vapeur brocolis (Le T\u00e9l\u00e9gramme)<\/a><\/li><li><a href=\"https:\/\/polo.legtux.org\/WP\/wp-content\/uploads\/Palette-de-porc-fumee-au-four.pdf\" target=\"_blank\" rel=\"noopener\">Palette de porc fum\u00e9e au four<\/a><\/li><li><a href=\"https:\/\/polo.legtux.org\/WP\/wp-content\/uploads\/patates-au-thym.pdf\" target=\"_blank\" rel=\"noopener\">Patates au thym<\/a><\/li><li><a href=\"https:\/\/polo.legtux.org\/WP\/wp-content\/uploads\/Riz-a-l-espagnol.pdf\" target=\"_blank\" rel=\"noopener\">Riz \u00e0 l&#8217;espagnol<\/a><\/li><li><a href=\"https:\/\/polo.legtux.org\/WP\/wp-content\/uploads\/Roti-de-porc-confit-Anne-Marie.pdf\" target=\"_blank\" rel=\"noopener\">R\u00f4ti de porc confit sauce aigre-douce<\/a><\/li><li><a href=\"https:\/\/polo.legtux.org\/WP\/wp-content\/uploads\/Rougail-saucisse.pdf\" target=\"_blank\" rel=\"noopener\">Rougail saucisses<\/a><\/li><li><a href=\"https:\/\/polo.legtux.org\/WP\/wp-content\/uploads\/Saute-de-dinde-facon-blanquette-au-curry-Maitre-Coq.pdf\" target=\"_blank\" rel=\"noopener\">Saut\u00e9 de dinde fa\u00e7on blanquette au curry<\/a><\/li><\/ul><p><div class='printomatic pom-small ' id='id2672'  data-print_target='article'><\/div><\/p><\/div>\n\t\t\t\t<\/div>\n\t\t\t\t\t\t\t<div class=\"elementor-accordion-item\">\n\t\t\t\t\t<div id=\"elementor-tab-title-2564\" class=\"elementor-tab-title\" data-tab=\"4\" role=\"button\" aria-controls=\"elementor-tab-content-2564\" aria-expanded=\"false\">\n\t\t\t\t\t\t\t\t\t\t\t\t\t<span class=\"elementor-accordion-icon elementor-accordion-icon-left\" aria-hidden=\"true\">\n\t\t\t\t\t\t\t\t\t\t\t\t\t\t\t<span class=\"elementor-accordion-icon-closed\"><i class=\"fas fa-plus\"><\/i><\/span>\n\t\t\t\t\t\t\t\t<span class=\"elementor-accordion-icon-opened\"><i class=\"fas fa-minus\"><\/i><\/span>\n\t\t\t\t\t\t\t\t\t\t\t\t\t\t<\/span>\n\t\t\t\t\t\t\t\t\t\t\t\t<a class=\"elementor-accordion-title\" tabindex=\"0\">Desserts<\/a>\n\t\t\t\t\t<\/div>\n\t\t\t\t\t<div id=\"elementor-tab-content-2564\" class=\"elementor-tab-content elementor-clearfix\" data-tab=\"4\" role=\"region\" aria-labelledby=\"elementor-tab-title-2564\"><ul><li><p><a href=\"https:\/\/polo.legtux.org\/WP\/wp-content\/uploads\/20-Desserts-feeriques.pdf\" target=\"_blank\" rel=\"noopener\">20 Desserts f\u00e9\u00e9riques<\/a><\/p><\/li><li><p><a href=\"https:\/\/youtu.be\/LVfSDSH8DGw\" target=\"_blank\" rel=\"noopener\">Pain d&#8217;\u00e9pices (Matthieu)<\/a><\/p><\/li><\/ul><p><div class='printomatic pom-small ' id='id9569'  data-print_target='article'><\/div><\/p><\/div>\n\t\t\t\t<\/div>\n\t\t\t\t\t\t\t<div class=\"elementor-accordion-item\">\n\t\t\t\t\t<div id=\"elementor-tab-title-2565\" class=\"elementor-tab-title\" data-tab=\"5\" role=\"button\" aria-controls=\"elementor-tab-content-2565\" aria-expanded=\"false\">\n\t\t\t\t\t\t\t\t\t\t\t\t\t<span class=\"elementor-accordion-icon elementor-accordion-icon-left\" aria-hidden=\"true\">\n\t\t\t\t\t\t\t\t\t\t\t\t\t\t\t<span class=\"elementor-accordion-icon-closed\"><i class=\"fas fa-plus\"><\/i><\/span>\n\t\t\t\t\t\t\t\t<span class=\"elementor-accordion-icon-opened\"><i class=\"fas fa-minus\"><\/i><\/span>\n\t\t\t\t\t\t\t\t\t\t\t\t\t\t<\/span>\n\t\t\t\t\t\t\t\t\t\t\t\t<a class=\"elementor-accordion-title\" tabindex=\"0\">Divers (non class\u00e9)<\/a>\n\t\t\t\t\t<\/div>\n\t\t\t\t\t<div id=\"elementor-tab-content-2565\" class=\"elementor-tab-content elementor-clearfix\" data-tab=\"5\" role=\"region\" aria-labelledby=\"elementor-tab-title-2565\"><ul><li><a href=\"https:\/\/polo.legtux.org\/WP\/wp-content\/uploads\/Les-Domes-page-1-a-56.pdf\" target=\"_blank\" rel=\"noopener\">Les Domes page 1 a 56<\/a><\/li><li><a href=\"https:\/\/polo.legtux.org\/WP\/wp-content\/uploads\/Pizza-pesto.pdf\" target=\"_blank\" rel=\"noopener\">Pizza Pesto, tomates &amp; burrata<\/a><\/li><li><a href=\"https:\/\/polo.legtux.org\/WP\/wp-content\/uploads\/Vin-chaud-ma-recette.pdf\" target=\"_blank\" rel=\"noopener\">Vin chaud (ma recette)<\/a><\/li><\/ul><p><div class='printomatic pom-small ' id='id5770'  data-print_target='article'><\/div><\/p><\/div>\n\t\t\t\t<\/div>\n\t\t\t\t\t\t\t<div class=\"elementor-accordion-item\">\n\t\t\t\t\t<div id=\"elementor-tab-title-2566\" class=\"elementor-tab-title\" data-tab=\"6\" role=\"button\" aria-controls=\"elementor-tab-content-2566\" aria-expanded=\"false\">\n\t\t\t\t\t\t\t\t\t\t\t\t\t<span class=\"elementor-accordion-icon elementor-accordion-icon-left\" aria-hidden=\"true\">\n\t\t\t\t\t\t\t\t\t\t\t\t\t\t\t<span class=\"elementor-accordion-icon-closed\"><i class=\"fas fa-plus\"><\/i><\/span>\n\t\t\t\t\t\t\t\t<span class=\"elementor-accordion-icon-opened\"><i class=\"fas fa-minus\"><\/i><\/span>\n\t\t\t\t\t\t\t\t\t\t\t\t\t\t<\/span>\n\t\t\t\t\t\t\t\t\t\t\t\t<a class=\"elementor-accordion-title\" tabindex=\"0\">Pour les f\u00eates<\/a>\n\t\t\t\t\t<\/div>\n\t\t\t\t\t<div id=\"elementor-tab-content-2566\" class=\"elementor-tab-content elementor-clearfix\" data-tab=\"6\" role=\"region\" aria-labelledby=\"elementor-tab-title-2566\"><ul><li><a href=\"https:\/\/polo.legtux.org\/WP\/wp-content\/uploads\/Foie-gras-fait-maison-par-maison-facile.pdf\" target=\"_blank\" rel=\"noopener\">Foie gras fait maison par maison-facile<\/a><\/li><\/ul><p><div class='printomatic pom-small ' id='id1846'  data-print_target='article'><\/div><\/p><\/div>\n\t\t\t\t<\/div>\n\t\t\t\t\t\t\t\t<\/div>\n\t\t\t\t\t\t<\/div>\n\t\t\t\t<\/div>\n\t\t\t\t\t<\/div>\n\t\t<\/div>\n\t\t\t\t\t<\/div>\n\t\t<\/section>\n\t\t\t\t<section class=\"elementor-section elementor-top-section elementor-element elementor-element-0a162dd elementor-section-full_width elementor-section-height-default elementor-section-height-default\" data-id=\"0a162dd\" data-element_type=\"section\" data-e-type=\"section\">\n\t\t\t\t\t\t<div class=\"elementor-container elementor-column-gap-default\">\n\t\t\t\t\t<div class=\"elementor-column elementor-col-100 elementor-top-column elementor-element elementor-element-43eb452\" data-id=\"43eb452\" data-element_type=\"column\" data-e-type=\"column\">\n\t\t\t<div class=\"elementor-widget-wrap\">\n\t\t\t\t\t\t\t<\/div>\n\t\t<\/div>\n\t\t\t\t\t<\/div>\n\t\t<\/section>\n\t\t\t\t<\/div>\n\t\t","protected":false},"excerpt":{"rendered":"<p>Les recettes de Mam Verrines &#038; Amuse bouche Bouch\u00e9es aux crevettes Cannel\u00e9s au chorizo Cannel\u00e9s \u00e0 la cr\u00e8me au roquefort<\/p>\n","protected":false},"author":1,"featured_media":0,"parent":2870,"menu_order":0,"comment_status":"closed","ping_status":"closed","template":"","meta":{"colormag_page_container_layout":"no_sidebar_full_width","colormag_page_sidebar_layout":"no_sidebar","footnotes":""},"class_list":["post-4288","page","type-page","status-publish","hentry"],"_links":{"self":[{"href":"https:\/\/polo.legtux.org\/WP\/wp-json\/wp\/v2\/pages\/4288","targetHints":{"allow":["GET"]}}],"collection":[{"href":"https:\/\/polo.legtux.org\/WP\/wp-json\/wp\/v2\/pages"}],"about":[{"href":"https:\/\/polo.legtux.org\/WP\/wp-json\/wp\/v2\/types\/page"}],"author":[{"embeddable":true,"href":"https:\/\/polo.legtux.org\/WP\/wp-json\/wp\/v2\/users\/1"}],"replies":[{"embeddable":true,"href":"https:\/\/polo.legtux.org\/WP\/wp-json\/wp\/v2\/comments?post=4288"}],"version-history":[{"count":329,"href":"https:\/\/polo.legtux.org\/WP\/wp-json\/wp\/v2\/pages\/4288\/revisions"}],"predecessor-version":[{"id":6117,"href":"https:\/\/polo.legtux.org\/WP\/wp-json\/wp\/v2\/pages\/4288\/revisions\/6117"}],"up":[{"embeddable":true,"href":"https:\/\/polo.legtux.org\/WP\/wp-json\/wp\/v2\/pages\/2870"}],"wp:attachment":[{"href":"https:\/\/polo.legtux.org\/WP\/wp-json\/wp\/v2\/media?parent=4288"}],"curies":[{"name":"wp","href":"https:\/\/api.w.org\/{rel}","templated":true}]}}