{"id":4025,"date":"2022-02-25T22:11:32","date_gmt":"2022-02-25T21:11:32","guid":{"rendered":"https:\/\/polo.legtux.org\/WP\/?page_id=4025"},"modified":"2023-12-04T22:16:51","modified_gmt":"2023-12-04T21:16:51","slug":"cookie-policy","status":"publish","type":"page","link":"https:\/\/polo.legtux.org\/WP\/cgu\/cookie-policy\/","title":{"rendered":"Politique relative aux cookies"},"content":{"rendered":"<div class=\"cli_pg_page_contaner\">\n<h3>\u00c0 propos de la politique des cookies<\/h3>\n<div>Cette politique sur les cookies explique ce que sont les cookies et comment nous les utilisons, les types de cookies que nous utilisons, les informations que nous recueillons \u00e0 l\u2019aide de cookies et comment ces informations sont utilis\u00e9es, et comment contr\u00f4ler les pr\u00e9f\u00e9rences de cookies. Pour plus d\u2019informations sur la fa\u00e7on dont nous utilisons, stockons et conservons vos donn\u00e9es personnelles en toute s\u00e9curit\u00e9, consultez notre Politique de confidentialit\u00e9.Vous pouvez \u00e0 tout moment modifier ou retirer votre consentement \u00e0 la d\u00e9claration de cookies sur notre site WebD\u00e9couvrez qui nous sommes, comment vous pouvez nous contacter et comment nous traitons les donn\u00e9es personnelles dans notre Politique de confidentialit\u00e9.Votre consentement s\u2019applique aux domaines suivants&nbsp;: polo.legtux.org<div class=\"cli_user_consent_state\">Votre \u00e9tat actuel\u00a0: Aucun consentement donn\u00e9. <a class=\"cli_manage_current_consent\" style=\"cursor:pointer;text-decoration:underline;\">G\u00e9rez votre consentement.<\/a> <\/div><\/div>\n<div><\/div>\n<h3><span class=\"sentence-wrapper_without-hover ng-star-inserted\">Que sont les cookies ?<\/span><\/h3>\n<div>\n<div class=\"translation-input__main translation-input__result\">\n<div class=\"sentence-wrapper ng-star-inserted\"><span class=\"ng-star-inserted\">Les cookies sont de petits fichiers texte qui sont utilis\u00e9s pour stocker de petites informations. <\/span><span class=\"ng-star-inserted\">Ils sont stock\u00e9s sur votre appareil lorsque le site Web est charg\u00e9 sur votre navigateur. <\/span><span class=\"ng-star-inserted\">Ces t\u00e9moins nous aident \u00e0 faire en sorte que le site Web fonctionne correctement, \u00e0 le rendre plus s\u00e9curitaire, \u00e0 offrir une meilleure exp\u00e9rience utilisateur, \u00e0 comprendre comment le site Web fonctionne et \u00e0 analyser ce qui fonctionne et o\u00f9 il doit \u00eatre am\u00e9lior\u00e9.<\/span><\/div>\n<div><\/div>\n<\/div>\n<\/div>\n<h3><span class=\"sentence-wrapper_without-hover ng-star-inserted\">Comment utilisons-nous les cookies ?<\/span><\/h3>\n<div>\n<div class=\"translation-input__main translation-input__result\">\n<div class=\"sentence-wrapper ng-star-inserted\"><span class=\"ng-star-inserted\">Comme la plupart des services en ligne, notre site utilise des cookies de premi\u00e8re partie et de tiers \u00e0 plusieurs fins. <\/span><span class=\"ng-star-inserted\">Les cookies de premi\u00e8re partie sont principalement n\u00e9cessaires pour que le site fonctionne de la bonne fa\u00e7on, et ils ne recueillent aucune de vos donn\u00e9es personnellement identifiables.<\/span><\/div>\n<div><\/div>\n<\/div>\n<p><span class=\"sentence-wrapper_without-hover ng-star-inserted\">Les cookies tiers utilis\u00e9s sur notre site Web sont principalement utilis\u00e9s pour comprendre comment le site Web fonctionne, comment vous interagissez avec notre site Web, garder nos services s\u00e9curis\u00e9s, fournir des publicit\u00e9s qui sont pertinentes pour vous, et tout en vous offrant une exp\u00e9rience utilisateur meilleure et am\u00e9lior\u00e9e et aider \u00e0 acc\u00e9l\u00e9rer vos interactions futures avec notre site Web.<\/span><\/p>\n<\/div>\n<div><\/div>\n<h3><span class=\"sentence-wrapper_without-hover ng-star-inserted\">Quels types de cookies utilisons-nous ?<\/span><\/h3>\n<div>\n<div class=\"translation-input__main translation-input__result\">\n<div class=\"sentence-wrapper ng-star-inserted\"><span class=\"ng-star-inserted\">Essentiel&nbsp;: Certains cookies sont essentiels pour que vous puissiez profiter de toutes les fonctionnalit\u00e9s de notre site. <\/span><span class=\"ng-star-inserted\">Ils nous permettent de tenir des s\u00e9ances avec les utilisateurs et de pr\u00e9venir toute menace \u00e0 la s\u00e9curit\u00e9. <\/span><span class=\"ng-star-inserted\">Ils ne recueillent ni ne stockent de renseignements personnels. <\/span><span class=\"ng-star-inserted\">Par exemple, ces cookies vous permettent de vous connecter \u00e0 votre compte et d\u2019ajouter des produits \u00e0 votre panier, et de passer \u00e0 la caisse en toute s\u00e9curit\u00e9.<\/span><\/div>\n<\/div>\n<div class=\"translation-input__bottom_controls ng-star-inserted\">\n<div><\/div>\n<\/div>\n<p><span class=\"ng-star-inserted\">Statistiques : Ces cookies stockent des informations comme le nombre de visiteurs du site, le nombre de visiteurs uniques, les pages du site ont \u00e9t\u00e9 visit\u00e9es, la source de la visite, Ces donn\u00e9es nous aident \u00e0 comprendre et \u00e0 analyser le rendement du site Web et les points \u00e0 am\u00e9liorer.<\/span><\/p>\n<div class=\"translation-input__main translation-input__result\">\n<div class=\"sentence-wrapper ng-star-inserted\"><span class=\"ng-star-inserted\"><br \/>\n<\/span><span class=\"ng-star-inserted\">Marketing&nbsp;: Notre site affiche des publicit\u00e9s. <\/span><span class=\"ng-star-inserted\">Ces cookies sont utilis\u00e9s pour personnaliser les publicit\u00e9s que nous vous montrons afin qu\u2019elles soient significatives pour vous. <\/span><span class=\"ng-star-inserted\">Ces cookies nous aident \u00e9galement \u00e0 suivre l\u2019efficacit\u00e9 de ces campagnes publicitaires.<br \/>\n<\/span><span class=\"ng-star-inserted\"><span class=\"ng-star-inserted\">Les informations stock\u00e9es dans ces cookies peuvent \u00e9galement \u00eatre utilis\u00e9es par les fournisseurs d\u2019annonces tiers pour vous montrer des annonces sur d\u2019autres sites Web sur le navigateur.<\/span><\/span><\/p>\n<p><span class=\"ng-star-inserted\">Fonctionnel&nbsp;: Ce sont les cookies qui aident certaines fonctionnalit\u00e9s non essentielles sur notre site. <\/span><span class=\"ng-star-inserted\">Ces fonctionnalit\u00e9s comprennent l\u2019int\u00e9gration de contenu comme des vid\u00e9os ou le partage de contenu du site Web sur les plateformes de m\u00e9dias sociaux.<\/span><\/p>\n<p><span class=\"ng-star-inserted\">Pr\u00e9f\u00e9rences&nbsp;: Ces cookies nous aident \u00e0 stocker vos param\u00e8tres et pr\u00e9f\u00e9rences de navigation comme les pr\u00e9f\u00e9rences linguistiques afin que vous ayez une meilleure et efficace exp\u00e9rience sur les visites futures du site.<br \/>\n<\/span><span class=\"ng-star-inserted\"><p>La liste ci-dessous d\u00e9taille les cookies utilis\u00e9s sur notre site.<\/p><table class=\"cookielawinfo-row-cat-table cookielawinfo-classic\"><thead><tr><th class=\"cookielawinfo-column-1\">Cookie<\/th><th class=\"cookielawinfo-column-4\">Description<\/th><\/tr><\/thead><tbody><tr class=\"cookielawinfo-row\"><td class=\"cookielawinfo-column-1\">cookielawinfo-checkbox-analytics<\/td><td class=\"cookielawinfo-column-4\"><div class=\"sentence-wrapper ng-star-inserted\"><span class=\"ng-star-inserted\">Ce cookie est d\u00e9fini par le plugin GDPR Cookie Consent. <\/span><span class=\"ng-star-inserted\">Le cookie est utilis\u00e9 pour stocker le consentement de l\u2019utilisateur pour les cookies dans la cat\u00e9gorie \"Analytiques\".<\/span><\/div><\/td><\/tr><tr class=\"cookielawinfo-row\"><td class=\"cookielawinfo-column-1\">cookielawinfo-checkbox-functional<\/td><td class=\"cookielawinfo-column-4\"><span class=\"sentence-wrapper_without-hover ng-star-inserted\">Le cookie est d\u00e9fini par le consentement de cookie GDPR pour enregistrer le consentement de l\u2019utilisateur pour les cookies dans la cat\u00e9gorie \"Fonctionnels\".<\/span><\/td><\/tr><tr class=\"cookielawinfo-row\"><td class=\"cookielawinfo-column-1\">cookielawinfo-checkbox-necessary<\/td><td class=\"cookielawinfo-column-4\"><div class=\"sentence-wrapper ng-star-inserted\"><span class=\"ng-star-inserted\">Ce cookie est d\u00e9fini par le plugin GDPR Cookie Consent. <\/span><span class=\"ng-star-inserted\">Les cookies sont utilis\u00e9s pour stocker le consentement de l\u2019utilisateur pour les cookies dans la cat\u00e9gorie \"N\u00e9cessaires\".<\/span><\/div><\/td><\/tr><tr class=\"cookielawinfo-row\"><td class=\"cookielawinfo-column-1\">cookielawinfo-checkbox-others<\/td><td class=\"cookielawinfo-column-4\"><div class=\"sentence-wrapper ng-star-inserted\"><span class=\"ng-star-inserted\">Ce cookie est d\u00e9fini par le plugin GDPR Cookie Consent. <\/span><span class=\"ng-star-inserted\">Le cookie est utilis\u00e9 pour stocker le consentement de l\u2019utilisateur pour les cookies dans la cat\u00e9gorie \"Autres\".<\/span><\/div><\/td><\/tr><tr class=\"cookielawinfo-row\"><td class=\"cookielawinfo-column-1\">cookielawinfo-checkbox-performance<\/td><td class=\"cookielawinfo-column-4\"><div class=\"sentence-wrapper ng-star-inserted\"><span class=\"ng-star-inserted\">Ce cookie est d\u00e9fini par le plugin GDPR Cookie Consent. <\/span><span class=\"ng-star-inserted\">Le cookie est utilis\u00e9 pour stocker le consentement de l\u2019utilisateur pour les cookies dans la cat\u00e9gorie \"Performance\".<\/span><\/div><\/td><\/tr><tr class=\"cookielawinfo-row\"><td class=\"cookielawinfo-column-1\">viewed_cookie_policy<\/td><td class=\"cookielawinfo-column-4\"><div class=\"sentence-wrapper ng-star-inserted\"><span class=\"ng-star-inserted\">Le cookie est d\u00e9fini par le plugin GDPR Cookie Consent et est utilis\u00e9 pour stocker si l\u2019utilisateur a consenti ou non \u00e0 l\u2019utilisation des cookies. <\/span><span class=\"ng-star-inserted\">Il ne stocke pas de donn\u00e9es personnelles.<\/span><\/div><\/td><\/tr><\/tbody><\/table><\/span><\/p>\n<\/div>\n<\/div>\n<\/div>\n<h3><span class=\"sentence-wrapper_without-hover ng-star-inserted\">Comment puis-je contr\u00f4ler les pr\u00e9f\u00e9rences des cookies ?<\/span><\/h3>\n<div>\n<div class=\"translation-input__main translation-input__result\">\n<div class=\"sentence-wrapper ng-star-inserted\"><span class=\"ng-star-inserted\">Si vous d\u00e9cidez de modifier vos pr\u00e9f\u00e9rences plus tard dans votre session de navigation, vous pouvez cliquer sur l\u2019onglet &#8220;R\u00e9viser le consentement&#8221; sur votre \u00e9cran. <\/span><span class=\"ng-star-inserted\">Cela affichera \u00e0 nouveau l\u2019avis de consentement vous permettant de modifier vos pr\u00e9f\u00e9rences ou de retirer votre consentement enti\u00e8rement.<\/span><\/div>\n<\/div>\n<\/div>\n<div><\/div>\n<div>\n<div class=\"translation-input__main translation-input__result\">\n<div class=\"sentence-wrapper ng-star-inserted\"><span class=\"ng-star-inserted\">En outre, diff\u00e9rents navigateurs fournissent diff\u00e9rentes m\u00e9thodes pour bloquer et supprimer les cookies utilis\u00e9s par les sites Web. <\/span><span class=\"ng-star-inserted\">Vous pouvez modifier les param\u00e8tres de votre navigateur pour bloquer\/supprimer les cookies. <\/span><span class=\"ng-star-inserted\">Pour en savoir plus sur la gestion et la suppression des cookies, visitez wikipedia.org, www.allaboutcookies.org.<\/span><\/div>\n<\/div>\n<\/div>\n<div>.<\/div>\n<\/div>\n\n<div class='printomatic pom-small ' id='id5203'  data-print_target='article'><\/div>\n","protected":false},"excerpt":{"rendered":"<p>\u00c0 propos de la politique des cookies Cette politique sur les cookies explique ce que sont les cookies et comment<\/p>\n","protected":false},"author":1,"featured_media":0,"parent":1791,"menu_order":0,"comment_status":"closed","ping_status":"closed","template":"","meta":{"colormag_page_container_layout":"no_sidebar_full_width","colormag_page_sidebar_layout":"no_sidebar","footnotes":""},"class_list":["post-4025","page","type-page","status-publish","hentry"],"_links":{"self":[{"href":"https:\/\/polo.legtux.org\/WP\/wp-json\/wp\/v2\/pages\/4025","targetHints":{"allow":["GET"]}}],"collection":[{"href":"https:\/\/polo.legtux.org\/WP\/wp-json\/wp\/v2\/pages"}],"about":[{"href":"https:\/\/polo.legtux.org\/WP\/wp-json\/wp\/v2\/types\/page"}],"author":[{"embeddable":true,"href":"https:\/\/polo.legtux.org\/WP\/wp-json\/wp\/v2\/users\/1"}],"replies":[{"embeddable":true,"href":"https:\/\/polo.legtux.org\/WP\/wp-json\/wp\/v2\/comments?post=4025"}],"version-history":[{"count":9,"href":"https:\/\/polo.legtux.org\/WP\/wp-json\/wp\/v2\/pages\/4025\/revisions"}],"predecessor-version":[{"id":5662,"href":"https:\/\/polo.legtux.org\/WP\/wp-json\/wp\/v2\/pages\/4025\/revisions\/5662"}],"up":[{"embeddable":true,"href":"https:\/\/polo.legtux.org\/WP\/wp-json\/wp\/v2\/pages\/1791"}],"wp:attachment":[{"href":"https:\/\/polo.legtux.org\/WP\/wp-json\/wp\/v2\/media?parent=4025"}],"curies":[{"name":"wp","href":"https:\/\/api.w.org\/{rel}","templated":true}]}}