{"id":3641,"date":"2021-10-21T09:24:12","date_gmt":"2021-10-21T07:24:12","guid":{"rendered":"https:\/\/polo.legtux.org\/WP\/?page_id=3641"},"modified":"2024-01-05T21:37:56","modified_gmt":"2024-01-05T20:37:56","slug":"reservation-mam-envoyee","status":"publish","type":"page","link":"https:\/\/polo.legtux.org\/WP\/l-atelier-de-mam\/reservation-mam-envoyee\/","title":{"rendered":"R\u00e9servation Mam"},"content":{"rendered":"\n<p><img decoding=\"async\" class=\" wp-image-3607 alignleft\" src=\"https:\/\/polo.legtux.org\/WP\/wp-content\/uploads\/macgine-a-coudremachine-a-coudre-les-premiers-pas.jpg\" alt=\"\" width=\"152\" height=\"114\"><\/p>\n<p>Votre demande de r\u00e9servation \u00e0 bien \u00e9t\u00e9 envoy\u00e9e &#8230;<\/p>\n<p>&nbsp;<\/p>\n<p>Une autre r\u00e9servation pour Mam ! <a href=\"https:\/\/polo.legtux.org\/WP\/l-atelier-de-mam\/sos-couture\/\">cliquez ici<\/a><\/p>\n","protected":false},"excerpt":{"rendered":"","protected":false},"author":1,"featured_media":0,"parent":2870,"menu_order":0,"comment_status":"closed","ping_status":"closed","template":"","meta":{"colormag_page_container_layout":"no_sidebar_content_centered","colormag_page_sidebar_layout":"no_sidebar","footnotes":""},"class_list":["post-3641","page","type-page","status-publish","hentry"],"_links":{"self":[{"href":"https:\/\/polo.legtux.org\/WP\/wp-json\/wp\/v2\/pages\/3641","targetHints":{"allow":["GET"]}}],"collection":[{"href":"https:\/\/polo.legtux.org\/WP\/wp-json\/wp\/v2\/pages"}],"about":[{"href":"https:\/\/polo.legtux.org\/WP\/wp-json\/wp\/v2\/types\/page"}],"author":[{"embeddable":true,"href":"https:\/\/polo.legtux.org\/WP\/wp-json\/wp\/v2\/users\/1"}],"replies":[{"embeddable":true,"href":"https:\/\/polo.legtux.org\/WP\/wp-json\/wp\/v2\/comments?post=3641"}],"version-history":[{"count":1,"href":"https:\/\/polo.legtux.org\/WP\/wp-json\/wp\/v2\/pages\/3641\/revisions"}],"predecessor-version":[{"id":3908,"href":"https:\/\/polo.legtux.org\/WP\/wp-json\/wp\/v2\/pages\/3641\/revisions\/3908"}],"up":[{"embeddable":true,"href":"https:\/\/polo.legtux.org\/WP\/wp-json\/wp\/v2\/pages\/2870"}],"wp:attachment":[{"href":"https:\/\/polo.legtux.org\/WP\/wp-json\/wp\/v2\/media?parent=3641"}],"curies":[{"name":"wp","href":"https:\/\/api.w.org\/{rel}","templated":true}]}}