{"id":2750,"date":"2021-06-15T21:30:27","date_gmt":"2021-06-15T19:30:27","guid":{"rendered":"https:\/\/polo.legtux.org\/WP\/?page_id=2750"},"modified":"2023-12-04T22:25:47","modified_gmt":"2023-12-04T21:25:47","slug":"de-des","status":"publish","type":"page","link":"https:\/\/polo.legtux.org\/WP\/jeux\/de-des\/","title":{"rendered":"Jeu de d\u00e9s"},"content":{"rendered":"\n<p><img decoding=\"async\" src=\"\/PluXml\/data\/medias\/jeux\/Qwinto2.jpg\" alt=\"image\"><br><strong><a rel=\"noreferrer noopener\" href=\"https:\/\/www.boissellerie.fr\/qwinto-xml-246_388_449-3668.html\" target=\"_blank\" data-type=\"URL\" data-id=\"https:\/\/www.boissellerie.fr\/qwinto-xml-246_388_449-3668.html\"> QWINTO<\/a> &#8211; 2 \u00e0 6 joueurs,&nbsp; \u00e0 partir de 8 ans,&nbsp; dur\u00e9e de la partie ~20 mn.<\/strong><br> Dans QWINTO, tous les lancers profitent \u00e0 tous les joueurs, mais chacun s&#8217;en sert \u00e0 sa mani\u00e8re pour compl\u00e9ter sa propre fiche de score.<br>A son tour, l&#8217;un des joueurs lance au choix un, deux ou trois d\u00e9s.<br>Tout le monde peut alors inscrire le total obtenu dans une rang\u00e9e dont la couleur est identique \u00e0 celle de l&#8217;un de ses d\u00e9s lanc\u00e9s.<br>Mais attention \u00e0 bien respecter les deux r\u00e8gles d&#8217;or : dans les rang\u00e9es, les nombres doivent respecter un ordre de valeur croissant de gauche \u00e0 droite.<br>Et aucun nombre ne doit appara\u00eetre deux fois : ni dans les rang\u00e9es, ni dans les colonnes !<br>D\u00e8s qu&#8217;un joueur a compl\u00e9t\u00e9 deux rang\u00e9es, la partie prend fin et on proc\u00e8de au d\u00e9compte des points.<br>Un jeu simple et rapide qui vous demandera de bien peser chacune de vos d\u00e9cisions !<\/p>\n\n\n\n<p><img decoding=\"async\" src=\"\/PluXml\/data\/medias\/jeux\/421.jpg\" alt=\"image\"><br><a rel=\"noreferrer noopener\" href=\"\/PluXml\/data\/medias\/jeux\/421.pdf\" data-type=\"URL\" data-id=\"\/PluXml\/data\/medias\/echange_fichiers\/421.pdf\" target=\"_blank\">421<\/a> : 2 \u00e0 4 joueurs et 3 d\u00e9s et 21 jetons<\/p>\n\n\n\n<div class='printomatic pom-small ' id='id5459'  data-print_target='article'><\/div>\n","protected":false},"excerpt":{"rendered":"<p>421 : 2 \u00e0 4 joueurs et 3 d\u00e9s et 21 jetons<\/p>\n","protected":false},"author":1,"featured_media":0,"parent":2599,"menu_order":0,"comment_status":"closed","ping_status":"closed","template":"","meta":{"colormag_page_container_layout":"no_sidebar_content_centered","colormag_page_sidebar_layout":"no_sidebar","footnotes":""},"class_list":["post-2750","page","type-page","status-publish","hentry"],"_links":{"self":[{"href":"https:\/\/polo.legtux.org\/WP\/wp-json\/wp\/v2\/pages\/2750","targetHints":{"allow":["GET"]}}],"collection":[{"href":"https:\/\/polo.legtux.org\/WP\/wp-json\/wp\/v2\/pages"}],"about":[{"href":"https:\/\/polo.legtux.org\/WP\/wp-json\/wp\/v2\/types\/page"}],"author":[{"embeddable":true,"href":"https:\/\/polo.legtux.org\/WP\/wp-json\/wp\/v2\/users\/1"}],"replies":[{"embeddable":true,"href":"https:\/\/polo.legtux.org\/WP\/wp-json\/wp\/v2\/comments?post=2750"}],"version-history":[{"count":4,"href":"https:\/\/polo.legtux.org\/WP\/wp-json\/wp\/v2\/pages\/2750\/revisions"}],"predecessor-version":[{"id":5667,"href":"https:\/\/polo.legtux.org\/WP\/wp-json\/wp\/v2\/pages\/2750\/revisions\/5667"}],"up":[{"embeddable":true,"href":"https:\/\/polo.legtux.org\/WP\/wp-json\/wp\/v2\/pages\/2599"}],"wp:attachment":[{"href":"https:\/\/polo.legtux.org\/WP\/wp-json\/wp\/v2\/media?parent=2750"}],"curies":[{"name":"wp","href":"https:\/\/api.w.org\/{rel}","templated":true}]}}