{"id":2748,"date":"2021-06-15T21:29:52","date_gmt":"2021-06-15T19:29:52","guid":{"rendered":"https:\/\/polo.legtux.org\/WP\/?page_id=2748"},"modified":"2023-12-04T22:27:19","modified_gmt":"2023-12-04T21:27:19","slug":"de-cartes","status":"publish","type":"page","link":"https:\/\/polo.legtux.org\/WP\/jeux\/de-cartes\/","title":{"rendered":"Jeu de cartes"},"content":{"rendered":"\n<p><img decoding=\"async\" src=\"\/PluXml\/data\/medias\/jeux\/6quiprend.jpg\" alt=\"image\"><\/p>\n\n\n\n<p><strong><a rel=\"noreferrer noopener\" href=\"https:\/\/www.boissellerie.fr\/qui-prend-xml-246_388_445-1259.html\" target=\"_blank\">6 qui prend<\/a> &#8211; 2 \u00e0 10 joueurs, \u00e0 partir de 10 ans, dur\u00e9e de la partie ~40 mn.<\/strong><br>Ces dr\u00f4les de cartes valent de 1 \u00e0 7 \u00abt\u00eate de b\u0153ufs \u00bb chacune.<br><strong>Votre but :<\/strong> en r\u00e9colter le moins possible.<br>En d\u00e9but de manche vous recevez 10 cartes. A chaque tour les joueurs choisissent une carte et la r\u00e9v\u00e8lent \u00e0 tous en m\u00eame temps: ces cartes sont ajout\u00e9 \u00e0 l&#8217;une des 4 s\u00e9ries qui se forment sur la table.<br>Celui qui doit jouer la sixi\u00e8me carte d&#8217;une s\u00e9rie \u00abr\u00e9colte\u00bb les 5 premi\u00e8res&#8230; et toutes leurs \u00abt\u00eates de b\u0153ufs\u00bb!<br>Quand les 10 cartes sont jou\u00e9es, chacun compte ses b\u0153ufs et les additionne \u00e0 son total pr\u00e9c\u00e9dent.<br>Apr\u00e8s plusieurs manches, le plus petit troupeau gagnera la partie.<br>Contenu: 104 cartes et 1 r\u00e8gle de jeu.<\/p>\n\n\n\n<hr class=\"wp-block-separator has-css-opacity\"\/>\n\n\n\n<p><img decoding=\"async\" src=\"\/PluXml\/data\/medias\/jeux\/trou-du-cul.jpg\" alt=\"image\">  <\/p>\n\n\n\n<p><a rel=\"noreferrer noopener\" href=\"\/PluXml\/data\/medias\/jeux\/trou-du-cul.pdf\" data-type=\"URL\" data-id=\"\/PluXml\/data\/medias\/echange_fichiers\/trou-du-cul.pdf\" target=\"_blank\">Trou du cul <\/a>: 3 \u00e0 6 joueurs et un jeu de 54 cartes : pr\u00e9sident, secr\u00e9taire, tr\u00e9sorier &#8230;<\/p>\n\n\n\n<hr class=\"wp-block-separator has-css-opacity\"\/>\n\n\n\n<p><img decoding=\"async\" src=\"\/PluXml\/data\/medias\/jeux\/belote-de-comptoir.jpg\" alt=\"image\">  <\/p>\n\n\n\n<p><a rel=\"noreferrer noopener\" href=\"\/PluXml\/data\/medias\/jeux\/belote-de-comptoir.pdf\" data-type=\"URL\" data-id=\"\/PluXml\/data\/medias\/echange_fichiers\/belote-de-comptoir.pdf\" target=\"_blank\">Belote de comptoir<\/a> : 2 ou 3 joueurs un jeu de 32 cartes<\/p>\n\n\n\n<hr class=\"wp-block-separator has-css-opacity\"\/>\n\n\n\n<div class='printomatic pom-small ' id='id9187'  data-print_target='article'><\/div>\n","protected":false},"excerpt":{"rendered":"<p>Trou du cul : 3 \u00e0 6 joueurs et un jeu de 54 cartes : pr\u00e9sident, secr\u00e9taire, tr\u00e9sorier &#8230; Belote<\/p>\n","protected":false},"author":1,"featured_media":0,"parent":2599,"menu_order":0,"comment_status":"closed","ping_status":"closed","template":"","meta":{"colormag_page_container_layout":"no_sidebar_content_centered","colormag_page_sidebar_layout":"no_sidebar","footnotes":""},"class_list":["post-2748","page","type-page","status-publish","hentry"],"_links":{"self":[{"href":"https:\/\/polo.legtux.org\/WP\/wp-json\/wp\/v2\/pages\/2748","targetHints":{"allow":["GET"]}}],"collection":[{"href":"https:\/\/polo.legtux.org\/WP\/wp-json\/wp\/v2\/pages"}],"about":[{"href":"https:\/\/polo.legtux.org\/WP\/wp-json\/wp\/v2\/types\/page"}],"author":[{"embeddable":true,"href":"https:\/\/polo.legtux.org\/WP\/wp-json\/wp\/v2\/users\/1"}],"replies":[{"embeddable":true,"href":"https:\/\/polo.legtux.org\/WP\/wp-json\/wp\/v2\/comments?post=2748"}],"version-history":[{"count":2,"href":"https:\/\/polo.legtux.org\/WP\/wp-json\/wp\/v2\/pages\/2748\/revisions"}],"predecessor-version":[{"id":5669,"href":"https:\/\/polo.legtux.org\/WP\/wp-json\/wp\/v2\/pages\/2748\/revisions\/5669"}],"up":[{"embeddable":true,"href":"https:\/\/polo.legtux.org\/WP\/wp-json\/wp\/v2\/pages\/2599"}],"wp:attachment":[{"href":"https:\/\/polo.legtux.org\/WP\/wp-json\/wp\/v2\/media?parent=2748"}],"curies":[{"name":"wp","href":"https:\/\/api.w.org\/{rel}","templated":true}]}}