{"id":2745,"date":"2021-06-15T21:27:05","date_gmt":"2021-06-15T19:27:05","guid":{"rendered":"https:\/\/polo.legtux.org\/WP\/?page_id=2745"},"modified":"2023-12-04T22:28:27","modified_gmt":"2023-12-04T21:28:27","slug":"de-plateau","status":"publish","type":"page","link":"https:\/\/polo.legtux.org\/WP\/jeux\/de-plateau\/","title":{"rendered":"Jeu de plateau"},"content":{"rendered":"\n<p><strong><a href=\"https:\/\/www.boissellerie.fr\/jeu-du-tock-jeu-de-toc-xml-246_390_457-2373.html\" target=\"_blank\" rel=\"noopener\">Jeu du Tock ou jeu de Toc<\/a> &#8211; 2 \u00e0 6 joueurs (seul ou en \u00e9quipe), d\u00e8s 6 ans.<br><\/strong><\/p>\n<p><img decoding=\"async\" src=\"\/PluXml\/data\/medias\/jeux\/Toc.jpg\" alt=\"image\"><\/p>\n<p><a href=\"\/PluXml\/data\/medias\/jeux\/Toc.pdf\" target=\"_blank\" rel=\"noreferrer noopener\"> R\u00e8gle du jeu : <\/a><br>Le but est de rentrer tous ces pions dans l&#8217;\u00e9chelle apr\u00e8s avoir fait un tour de plateau.<br>Dans ce jeu, pas de d\u00e9s, vos pions avancent en posant des cartes,<br>je pose un 2, j&#8217;avance de deux cases, un 3 de trois cases et ainsi de suite&#8230;<br>Ce jeu est originaire du Canada (probablement de Qu\u00e9bec).<\/p>\n<p><strong> Variante : <\/strong><\/p>\n<p><a href=\"https:\/\/go49.fr\/accueil\/44-jeux-tactik-complet-6-joueurs.html\" target=\"_blank\" rel=\"noopener\">jeu de Tac-Tik<\/a><\/p>\n<p><img decoding=\"async\" src=\"\/PluXml\/data\/medias\/jeux\/jeux-tactik-complet-6-joueurs.jpg\" alt=\"image\"><br><\/p>\n<p><a href=\"\/PluXml\/data\/medias\/jeux\/Tac-Tik.pdf\" target=\"_blank\" rel=\"noreferrer noopener\"> R\u00e8gle du jeu Tac-Tik<\/a><\/p>\n\n\n\n<div class='printomatic pom-small ' id='id9289'  data-print_target='article'><\/div>\n","protected":false},"excerpt":{"rendered":"","protected":false},"author":1,"featured_media":0,"parent":2599,"menu_order":0,"comment_status":"closed","ping_status":"closed","template":"","meta":{"colormag_page_container_layout":"no_sidebar_content_centered","colormag_page_sidebar_layout":"no_sidebar","footnotes":""},"class_list":["post-2745","page","type-page","status-publish","hentry"],"_links":{"self":[{"href":"https:\/\/polo.legtux.org\/WP\/wp-json\/wp\/v2\/pages\/2745","targetHints":{"allow":["GET"]}}],"collection":[{"href":"https:\/\/polo.legtux.org\/WP\/wp-json\/wp\/v2\/pages"}],"about":[{"href":"https:\/\/polo.legtux.org\/WP\/wp-json\/wp\/v2\/types\/page"}],"author":[{"embeddable":true,"href":"https:\/\/polo.legtux.org\/WP\/wp-json\/wp\/v2\/users\/1"}],"replies":[{"embeddable":true,"href":"https:\/\/polo.legtux.org\/WP\/wp-json\/wp\/v2\/comments?post=2745"}],"version-history":[{"count":2,"href":"https:\/\/polo.legtux.org\/WP\/wp-json\/wp\/v2\/pages\/2745\/revisions"}],"predecessor-version":[{"id":5670,"href":"https:\/\/polo.legtux.org\/WP\/wp-json\/wp\/v2\/pages\/2745\/revisions\/5670"}],"up":[{"embeddable":true,"href":"https:\/\/polo.legtux.org\/WP\/wp-json\/wp\/v2\/pages\/2599"}],"wp:attachment":[{"href":"https:\/\/polo.legtux.org\/WP\/wp-json\/wp\/v2\/media?parent=2745"}],"curies":[{"name":"wp","href":"https:\/\/api.w.org\/{rel}","templated":true}]}}