{"id":2742,"date":"2021-06-15T21:21:35","date_gmt":"2021-06-15T19:21:35","guid":{"rendered":"https:\/\/polo.legtux.org\/WP\/?page_id=2742"},"modified":"2023-12-04T22:29:33","modified_gmt":"2023-12-04T21:29:33","slug":"dexterieur","status":"publish","type":"page","link":"https:\/\/polo.legtux.org\/WP\/jeux\/dexterieur\/","title":{"rendered":"Jeu d&#8217;ext\u00e9rieur"},"content":{"rendered":"\n\n\n<p><img decoding=\"async\" src=\"\/PluXml\/data\/medias\/jeux\/Lespapattes.jpg\" alt=\"image\"><br><strong><a rel=\"noreferrer noopener\" href=\"https:\/\/www.boissellerie.fr\/les-papattes-xml-253_396_486-6555.html\" target=\"_blank\" data-type=\"URL\" data-id=\"https:\/\/www.boissellerie.fr\/les-papattes-xml-253_396_486-6555.html\">&gt; LES PAPATTES<\/a> &#8211; <a rel=\"noreferrer noopener\" href=\"https:\/\/youtu.be\/1MHvHOOOeEQ\" target=\"_blank\" data-type=\"URL\" data-id=\"https:\/\/youtu.be\/1MHvHOOOeEQ\"><strong>(voir la vid\u00e9o)<\/strong><\/a><strong> : 2 \u00e0 4 joueurs ou en \u00e9quipe,  6 ans et + ,   dur\u00e9e de la partie ~25 mn.<\/strong><br>Un nouveau jeu au top !!! Un jeu d&#8217;adresse pour toute la famille, dans le style du M\u00f6lkky ou du Kubb mais en plus amusant pour les enfants. Un jeu : made in France.<\/strong><\/p>\n\n\n\n<hr class=\"wp-block-separator has-css-opacity\"\/>\n\n\n\n\n\n<p><a href=\"\/PluXml\/data\/medias\/jeux\/Molkky.pdf\"><img decoding=\"async\" src=\"\/PluXml\/data\/medias\/\/jeux\/Molkky.jpg\" alt=\"molkky\"><br><\/a><strong><a href=\"\/PluXml\/data\/medias\/jeux\/Molkky.pdf\" target=\"_blank\" rel=\"noreferrer noopener\" data-type=\"URL\" data-id=\"\/PluXml\/data\/medias\/jeux\/Molkky.pdf\">&gt; Molkky (r\u00e8gle du jeu)<\/a><\/strong><\/p>\n\n\n<div class='printomatic pom-small ' id='id59'  data-print_target='article'><\/div>\n","protected":false},"excerpt":{"rendered":"","protected":false},"author":1,"featured_media":0,"parent":2599,"menu_order":0,"comment_status":"closed","ping_status":"closed","template":"","meta":{"colormag_page_container_layout":"no_sidebar_content_centered","colormag_page_sidebar_layout":"no_sidebar","footnotes":""},"class_list":["post-2742","page","type-page","status-publish","hentry"],"_links":{"self":[{"href":"https:\/\/polo.legtux.org\/WP\/wp-json\/wp\/v2\/pages\/2742","targetHints":{"allow":["GET"]}}],"collection":[{"href":"https:\/\/polo.legtux.org\/WP\/wp-json\/wp\/v2\/pages"}],"about":[{"href":"https:\/\/polo.legtux.org\/WP\/wp-json\/wp\/v2\/types\/page"}],"author":[{"embeddable":true,"href":"https:\/\/polo.legtux.org\/WP\/wp-json\/wp\/v2\/users\/1"}],"replies":[{"embeddable":true,"href":"https:\/\/polo.legtux.org\/WP\/wp-json\/wp\/v2\/comments?post=2742"}],"version-history":[{"count":2,"href":"https:\/\/polo.legtux.org\/WP\/wp-json\/wp\/v2\/pages\/2742\/revisions"}],"predecessor-version":[{"id":5671,"href":"https:\/\/polo.legtux.org\/WP\/wp-json\/wp\/v2\/pages\/2742\/revisions\/5671"}],"up":[{"embeddable":true,"href":"https:\/\/polo.legtux.org\/WP\/wp-json\/wp\/v2\/pages\/2599"}],"wp:attachment":[{"href":"https:\/\/polo.legtux.org\/WP\/wp-json\/wp\/v2\/media?parent=2742"}],"curies":[{"name":"wp","href":"https:\/\/api.w.org\/{rel}","templated":true}]}}