{"id":2402,"date":"2021-02-22T11:48:19","date_gmt":"2021-02-22T10:48:19","guid":{"rendered":"https:\/\/polo.legtux.org\/WP\/?page_id=2402"},"modified":"2026-03-16T22:27:10","modified_gmt":"2026-03-16T21:27:10","slug":"vigilance-meteo-france","status":"publish","type":"page","link":"https:\/\/polo.legtux.org\/WP\/kayaks-infos\/vigilance-meteo-france\/","title":{"rendered":"P\u00eache &#038; mar\u00e9es"},"content":{"rendered":"\t\t<div data-elementor-type=\"wp-page\" data-elementor-id=\"2402\" class=\"elementor elementor-2402\">\n\t\t\t\t\t\t<section class=\"elementor-section elementor-top-section elementor-element elementor-element-f1dd116 elementor-section-full_width elementor-section-height-default elementor-section-height-default\" data-id=\"f1dd116\" data-element_type=\"section\" data-e-type=\"section\">\n\t\t\t\t\t\t<div class=\"elementor-container elementor-column-gap-default\">\n\t\t\t\t\t<div class=\"elementor-column elementor-col-100 elementor-top-column elementor-element elementor-element-05d26e8\" data-id=\"05d26e8\" data-element_type=\"column\" data-e-type=\"column\">\n\t\t\t<div class=\"elementor-widget-wrap elementor-element-populated\">\n\t\t\t\t\t\t<section class=\"elementor-section elementor-inner-section elementor-element elementor-element-dea801a elementor-section-full_width elementor-section-height-default elementor-section-height-default\" data-id=\"dea801a\" data-element_type=\"section\" data-e-type=\"section\">\n\t\t\t\t\t\t<div class=\"elementor-container elementor-column-gap-default\">\n\t\t\t\t\t<div class=\"elementor-column elementor-col-50 elementor-inner-column elementor-element elementor-element-22015be\" data-id=\"22015be\" data-element_type=\"column\" data-e-type=\"column\">\n\t\t\t<div class=\"elementor-widget-wrap elementor-element-populated\">\n\t\t\t\t\t\t<div class=\"elementor-element elementor-element-be3cc24 elementor-widget__width-initial elementor-widget elementor-widget-image\" data-id=\"be3cc24\" data-element_type=\"widget\" data-e-type=\"widget\" data-widget_type=\"image.default\">\n\t\t\t\t<div class=\"elementor-widget-container\">\n\t\t\t\t\t\t\t\t\t\t\t\t<figure class=\"wp-caption\">\n\t\t\t\t\t\t\t\t\t\t\t<a href=\"https:\/\/mareespeche.com\/fr\/bretagne-atlantique\/brest#_meteo\" target=\"_blank\">\n\t\t\t\t\t\t\t<img fetchpriority=\"high\" decoding=\"async\" width=\"961\" height=\"479\" src=\"https:\/\/polo.legtux.org\/WP\/wp-content\/uploads\/Earth.png\" class=\"attachment-large size-large wp-image-4874\" alt=\"\" srcset=\"https:\/\/polo.legtux.org\/WP\/wp-content\/uploads\/Earth.png 961w, https:\/\/polo.legtux.org\/WP\/wp-content\/uploads\/Earth-300x150.png 300w, https:\/\/polo.legtux.org\/WP\/wp-content\/uploads\/Earth-768x383.png 768w\" sizes=\"(max-width: 961px) 100vw, 961px\" \/>\t\t\t\t\t\t\t\t<\/a>\n\t\t\t\t\t\t\t\t\t\t\t<figcaption class=\"widget-image-caption wp-caption-text\">Pr\u00e9diction p\u00eache<\/figcaption>\n\t\t\t\t\t\t\t\t\t\t<\/figure>\n\t\t\t\t\t\t\t\t\t<\/div>\n\t\t\t\t<\/div>\n\t\t\t\t\t<\/div>\n\t\t<\/div>\n\t\t\t\t<div class=\"elementor-column elementor-col-50 elementor-inner-column elementor-element elementor-element-dd5d9f6\" data-id=\"dd5d9f6\" data-element_type=\"column\" data-e-type=\"column\">\n\t\t\t<div class=\"elementor-widget-wrap elementor-element-populated\">\n\t\t\t\t\t\t<div class=\"elementor-element elementor-element-271caa4 elementor-widget__width-initial elementor-widget elementor-widget-image\" data-id=\"271caa4\" data-element_type=\"widget\" data-e-type=\"widget\" data-widget_type=\"image.default\">\n\t\t\t\t<div class=\"elementor-widget-container\">\n\t\t\t\t\t\t\t\t\t\t\t\t<figure class=\"wp-caption\">\n\t\t\t\t\t\t\t\t\t\t\t<a href=\"https:\/\/mareespeche.com\/fr\/bretagne-atlantique\/brest#_periodes_solunaires\" target=\"_blank\">\n\t\t\t\t\t\t\t<img decoding=\"async\" width=\"835\" height=\"523\" src=\"https:\/\/polo.legtux.org\/WP\/wp-content\/uploads\/Periodes-solunaires.png\" class=\"attachment-large size-large wp-image-4862\" alt=\"\" srcset=\"https:\/\/polo.legtux.org\/WP\/wp-content\/uploads\/Periodes-solunaires.png 835w, https:\/\/polo.legtux.org\/WP\/wp-content\/uploads\/Periodes-solunaires-300x188.png 300w, https:\/\/polo.legtux.org\/WP\/wp-content\/uploads\/Periodes-solunaires-768x481.png 768w\" sizes=\"(max-width: 835px) 100vw, 835px\" \/>\t\t\t\t\t\t\t\t<\/a>\n\t\t\t\t\t\t\t\t\t\t\t<figcaption class=\"widget-image-caption wp-caption-text\">P\u00e9riodes solunaires<\/figcaption>\n\t\t\t\t\t\t\t\t\t\t<\/figure>\n\t\t\t\t\t\t\t\t\t<\/div>\n\t\t\t\t<\/div>\n\t\t\t\t\t<\/div>\n\t\t<\/div>\n\t\t\t\t\t<\/div>\n\t\t<\/section>\n\t\t\t\t\t<\/div>\n\t\t<\/div>\n\t\t\t\t\t<\/div>\n\t\t<\/section>\n\t\t\t\t<section class=\"elementor-section elementor-top-section elementor-element elementor-element-d1cb222 elementor-section-boxed elementor-section-height-default elementor-section-height-default elementor-invisible\" data-id=\"d1cb222\" data-element_type=\"section\" data-e-type=\"section\" data-settings=\"{&quot;shape_divider_top&quot;:&quot;waves-pattern&quot;,&quot;animation&quot;:&quot;fadeInLeft&quot;}\">\n\t\t\t\t\t<div class=\"elementor-shape elementor-shape-top\" aria-hidden=\"true\" data-negative=\"false\">\n\t\t\t<svg xmlns=\"http:\/\/www.w3.org\/2000\/svg\" viewBox=\"0 0 1047.1 3.7\" preserveAspectRatio=\"xMidYMin slice\">\n\t<path class=\"elementor-shape-fill\" d=\"M1047.1,0C557,0,8.9,0,0,0v1.6c0,0,0.6-1.5,2.7-0.3C3.9,2,6.1,4.1,8.3,3.5c0.9-0.2,1.5-1.9,1.5-1.9\ts0.6-1.5,2.7-0.3C13.8,2,16,4.1,18.2,3.5c0.9-0.2,1.5-1.9,1.5-1.9s0.6-1.5,2.7-0.3C23.6,2,25.9,4.1,28,3.5c0.9-0.2,1.5-1.9,1.5-1.9\tc0,0,0.6-1.5,2.7-0.3c1.2,0.7,3.5,2.8,5.6,2.2c0.9-0.2,1.5-1.9,1.5-1.9c0,0,0.6-1.5,2.7-0.3c1.2,0.7,3.5,2.8,5.6,2.2\tc0.9-0.2,1.5-1.9,1.5-1.9s0.6-1.5,2.7-0.3c1.2,0.7,3.5,2.8,5.6,2.2c0.9-0.2,1.5-1.9,1.5-1.9s0.6-1.5,2.7-0.3C63,2,65.3,4.1,67.4,3.5\tC68.3,3.3,69,1.6,69,1.6s0.6-1.5,2.7-0.3c1.2,0.7,3.5,2.8,5.6,2.2c0.9-0.2,1.5-1.9,1.5-1.9c0,0,0.6-1.5,2.7-0.3\tC82.7,2,85,4.1,87.1,3.5c0.9-0.2,1.5-1.9,1.5-1.9s0.6-1.5,2.7-0.3C92.6,2,94.8,4.1,97,3.5c0.9-0.2,1.5-1.9,1.5-1.9s0.6-1.5,2.7-0.3\tc1.2,0.7,3.5,2.8,5.6,2.2c0.9-0.2,1.5-1.9,1.5-1.9s0.6-1.5,2.7-0.3c1.2,0.7,3.5,2.8,5.6,2.2c0.9-0.2,1.5-1.9,1.5-1.9\tc0,0,0.6-1.5,2.7-0.3c1.2,0.7,3.5,2.8,5.6,2.2c0.9-0.2,1.5-1.9,1.5-1.9c0,0,0.6-1.5,2.7-0.3c1.2,0.7,3.5,2.8,5.6,2.2\tc0.9-0.2,1.5-1.9,1.5-1.9s0.6-1.5,2.7-0.3c1.2,0.7,3.5,2.8,5.6,2.2c0.9-0.2,1.5-1.9,1.5-1.9s0.6-1.5,2.7-0.3\tc1.2,0.7,3.5,2.8,5.6,2.2c0.9-0.2,1.5-1.9,1.5-1.9s0.6-1.5,2.7-0.3c1.2,0.7,3.5,2.8,5.6,2.2c0.9-0.2,1.5-1.9,1.5-1.9\tc0,0,0.6-1.5,2.7-0.3c1.2,0.7,3.5,2.8,5.6,2.2c0.9-0.2,1.5-1.9,1.5-1.9s0.6-1.5,2.7-0.3c1.2,0.7,3.5,2.8,5.6,2.2\tc0.9-0.2,1.5-1.9,1.5-1.9s0.6-1.5,2.7-0.3c1.2,0.7,3.5,2.8,5.6,2.2c0.9-0.2,1.5-1.9,1.5-1.9s0.6-1.5,2.7-0.3\tc1.2,0.7,3.5,2.8,5.6,2.2c0.9-0.2,1.5-1.9,1.5-1.9c0,0,0.6-1.5,2.7-0.3c1.2,0.7,3.5,2.8,5.6,2.2c0.9-0.2,1.5-1.9,1.5-1.9\tc0,0,0.6-1.5,2.7-0.3c1.2,0.7,3.5,2.8,5.6,2.2c0.9-0.2,1.5-1.9,1.5-1.9s0.6-1.5,2.7-0.3c1.2,0.7,3.5,2.8,5.6,2.2\tc0.9-0.2,1.5-1.9,1.5-1.9s0.6-1.5,2.7-0.3c1.2,0.7,3.5,2.8,5.6,2.2c0.9-0.2,1.5-1.9,1.5-1.9s0.6-1.5,2.7-0.3\tc1.2,0.7,3.5,2.8,5.6,2.2c0.9-0.2,1.5-1.9,1.5-1.9c0,0,0.6-1.5,2.7-0.3c1.2,0.7,3.5,2.8,5.6,2.2c0.9-0.2,1.5-1.9,1.5-1.9\ts0.6-1.5,2.7-0.3c1.2,0.7,3.5,2.8,5.6,2.2c0.9-0.2,1.5-1.9,1.5-1.9s0.6-1.5,2.7-0.3c1.2,0.7,3.5,2.8,5.6,2.2\tc0.9-0.2,1.5-1.9,1.5-1.9s0.6-1.5,2.7-0.3c1.2,0.7,3.5,2.8,5.6,2.2c0.9-0.2,1.5-1.9,1.5-1.9c0,0,0.6-1.5,2.7-0.3\tc1.2,0.7,3.5,2.8,5.6,2.2c0.9-0.2,1.5-1.9,1.5-1.9c0,0,0.6-1.5,2.7-0.3c1.2,0.7,3.5,2.8,5.6,2.2c0.9-0.2,1.5-1.9,1.5-1.9\ts0.6-1.5,2.7-0.3c1.2,0.7,3.5,2.8,5.6,2.2c0.9-0.2,1.5-1.9,1.5-1.9s0.6-1.5,2.7-0.3c1.2,0.7,3.5,2.8,5.6,2.2\tc0.9-0.2,1.5-1.9,1.5-1.9s0.6-1.5,2.7-0.3c1.2,0.7,3.5,2.8,5.6,2.2c0.9-0.2,1.5-1.9,1.5-1.9c0,0,0.6-1.5,2.7-0.3\tc1.2,0.7,3.5,2.8,5.6,2.2c0.9-0.2,1.5-1.9,1.5-1.9s0.6-1.5,2.7-0.3c1.2,0.7,3.5,2.8,5.6,2.2c0.9-0.2,1.5-1.9,1.5-1.9\ts0.6-1.5,2.7-0.3c1.2,0.7,3.5,2.8,5.6,2.2c0.9-0.2,1.5-1.9,1.5-1.9s0.6-1.5,2.7-0.3c1.2,0.7,3.5,2.8,5.6,2.2\tc0.9-0.2,1.5-1.9,1.5-1.9c0,0,0.6-1.5,2.7-0.3c1.2,0.7,3.5,2.8,5.6,2.2c0.9-0.2,1.5-1.9,1.5-1.9c0,0,0.6-1.5,2.7-0.3\tc1.2,0.7,3.5,2.8,5.6,2.2c0.9-0.2,1.5-1.9,1.5-1.9s0.6-1.5,2.7-0.3c1.2,0.7,3.5,2.8,5.6,2.2c0.9-0.2,1.5-1.9,1.5-1.9\ts0.6-1.5,2.7-0.3c1.2,0.7,3.5,2.8,5.6,2.2c0.9-0.2,1.5-1.9,1.5-1.9s0.6-1.5,2.7-0.3c1.2,0.7,3.5,2.8,5.6,2.2\tc0.9-0.2,1.5-1.9,1.5-1.9c0,0,0.6-1.5,2.7-0.3c1.2,0.7,3.5,2.8,5.6,2.2c0.9-0.2,1.5-1.9,1.5-1.9s0.6-1.5,2.7-0.3\tc1.2,0.7,3.5,2.8,5.6,2.2c0.9-0.2,1.5-1.9,1.5-1.9s0.6-1.5,2.7-0.3c1.2,0.7,3.5,2.8,5.6,2.2c0.9-0.2,1.5-1.9,1.5-1.9\ts0.6-1.5,2.7-0.3c1.2,0.7,3.5,2.8,5.6,2.2c0.9-0.2,1.5-1.9,1.5-1.9c0,0,0.6-1.5,2.7-0.3c1.2,0.7,3.5,2.8,5.6,2.2\tc0.9-0.2,1.5-1.9,1.5-1.9c0,0,0.6-1.5,2.7-0.3c1.2,0.7,3.5,2.8,5.6,2.2c0.9-0.2,1.5-1.9,1.5-1.9s0.6-1.5,2.7-0.3\tc1.2,0.7,3.5,2.8,5.6,2.2c0.9-0.2,1.5-1.9,1.5-1.9s0.6-1.5,2.7-0.3c1.2,0.7,3.5,2.8,5.6,2.2c0.9-0.2,1.5-1.9,1.5-1.9\ts0.6-1.5,2.7-0.3c1.2,0.7,3.5,2.8,5.6,2.2c0.9-0.2,1.5-1.9,1.5-1.9c0,0,0.6-1.5,2.7-0.3c1.2,0.7,3.5,2.8,5.6,2.2\tc0.9-0.2,1.5-1.9,1.5-1.9s0.6-1.5,2.7-0.3c1.2,0.7,3.5,2.8,5.6,2.2c0.9-0.2,1.5-1.9,1.5-1.9s0.6-1.5,2.7-0.3\tc1.2,0.7,3.5,2.8,5.6,2.2c0.9-0.2,1.5-1.9,1.5-1.9s0.6-1.5,2.7-0.3c1.2,0.7,3.5,2.8,5.6,2.2c0.9-0.2,1.5-1.9,1.5-1.9\tc0,0,0.6-1.5,2.7-0.3c1.2,0.7,3.5,2.8,5.6,2.2c0.9-0.2,1.5-1.9,1.5-1.9c0,0,0.6-1.5,2.7-0.3c1.2,0.7,3.5,2.8,5.6,2.2\tc0.9-0.2,1.5-1.9,1.5-1.9s0.6-1.5,2.7-0.3c1.2,0.7,3.5,2.8,5.6,2.2c0.9-0.2,1.5-1.9,1.5-1.9s0.6-1.5,2.7-0.3\tc1.2,0.7,3.5,2.8,5.6,2.2c0.9-0.2,1.5-1.9,1.5-1.9s0.6-1.5,2.7-0.3c1.2,0.7,3.5,2.8,5.6,2.2c0.9-0.2,1.5-1.9,1.5-1.9\tc0,0,0.6-1.5,2.7-0.3c1.2,0.7,3.5,2.8,5.6,2.2c0.9-0.2,1.5-1.9,1.5-1.9s0.6-1.5,2.7-0.3c1.2,0.7,3.5,2.8,5.6,2.2\tc0.9-0.2,1.5-1.9,1.5-1.9s0.6-1.5,2.7-0.3c1.2,0.7,3.5,2.8,5.6,2.2c0.9-0.2,1.5-1.9,1.5-1.9s0.6-1.5,2.7-0.3\tc1.2,0.7,3.5,2.8,5.6,2.2c0.9-0.2,1.5-1.9,1.5-1.9c0,0,0.6-1.5,2.7-0.3c1.2,0.7,3.5,2.8,5.6,2.2c0.9-0.2,1.5-1.9,1.5-1.9\tc0,0,0.6-1.5,2.7-0.3c1.2,0.7,3.5,2.8,5.6,2.2c0.9-0.2,1.5-1.9,1.5-1.9s0.6-1.5,2.7-0.3c1.2,0.7,3.5,2.8,5.6,2.2\tc0.9-0.2,1.5-1.9,1.5-1.9s0.6-1.5,2.7-0.3c1.2,0.7,3.5,2.8,5.6,2.2c0.9-0.2,1.5-1.9,1.5-1.9s0.6-1.5,2.7-0.3\tc1.2,0.7,3.5,2.8,5.6,2.2c0.9-0.2,1.5-1.9,1.5-1.9c0,0,0.6-1.5,2.7-0.3c1.2,0.7,3.5,2.8,5.6,2.2c0.9-0.2,1.5-1.9,1.5-1.9\ts0.6-1.5,2.7-0.3c1.2,0.7,3.5,2.8,5.6,2.2c0.9-0.2,1.5-1.9,1.5-1.9s0.6-1.5,2.7-0.3c1.2,0.7,3.5,2.8,5.6,2.2\tc0.9-0.2,1.5-1.9,1.5-1.9s0.6-1.5,2.7-0.3c1.2,0.7,3.5,2.8,5.6,2.2c0.9-0.2,1.5-1.9,1.5-1.9c0,0,0.6-1.5,2.7-0.3\tc1.2,0.7,3.5,2.8,5.6,2.2c0.9-0.2,1.5-1.9,1.5-1.9c0,0,0.6-1.5,2.7-0.3c1.2,0.7,3.5,2.8,5.6,2.2c0.9-0.2,1.5-1.9,1.5-1.9\ts0.6-1.5,2.7-0.3c1.2,0.7,3.5,2.8,5.6,2.2c0.9-0.2,1.5-1.9,1.5-1.9s0.6-1.5,2.7-0.3c1.2,0.7,3.5,2.8,5.6,2.2\tc0.9-0.2,1.5-1.9,1.5-1.9s0.6-1.5,2.7-0.3c1.2,0.7,3.5,2.8,5.6,2.2c0.9-0.2,1.5-1.9,1.5-1.9c0,0,0.6-1.5,2.7-0.3\tc1.2,0.7,3.5,2.8,5.6,2.2c0.9-0.2,1.5-1.9,1.5-1.9s0.6-1.5,2.7-0.3c1.2,0.7,3.5,2.8,5.6,2.2c0.9-0.2,1.5-1.9,1.5-1.9\ts0.6-1.5,2.7-0.3c1.2,0.7,3.5,2.8,5.6,2.2c0.9-0.2,1.5-1.9,1.5-1.9s0.6-1.5,2.7-0.3c1.2,0.7,3.5,2.8,5.6,2.2\tc0.9-0.2,1.5-1.9,1.5-1.9c0,0,0.6-1.5,2.7-0.3c1.2,0.7,3.5,2.8,5.6,2.2c0.9-0.2,1.5-1.9,1.5-1.9c0,0,0.6-1.5,2.7-0.3\tc1.2,0.7,3.5,2.8,5.6,2.2c0.9-0.2,1.5-1.9,1.5-1.9s0.6-1.5,2.7-0.3c1.2,0.7,3.5,2.8,5.6,2.2c0.9-0.2,1.5-1.9,1.5-1.9\ts0.6-1.5,2.7-0.3c1.2,0.7,3.5,2.8,5.6,2.2c0.9-0.2,1.5-1.9,1.5-1.9s0.6-1.5,2.7-0.3c1.2,0.7,3.5,2.8,5.6,2.2\tc0.9-0.2,1.5-1.9,1.5-1.9c0,0,0.6-1.5,2.7-0.3c1.2,0.7,3.5,2.8,5.6,2.2c0.9-0.2,1.5-1.9,1.5-1.9s0.6-1.5,2.7-0.3\tc1.2,0.7,3.5,2.8,5.6,2.2c0.9-0.2,1.5-1.9,1.5-1.9s0.6-1.5,2.7-0.3c1.2,0.7,3.5,2.8,5.6,2.2c0.9-0.2,1.5-1.9,1.5-1.9\ts0.6-1.5,2.7-0.3c1.2,0.7,3.5,2.8,5.6,2.2c0.9-0.2,1.5-1.9,1.5-1.9c0,0,0.6-1.5,2.7-0.3c1.2,0.7,3.5,2.8,5.6,2.2\tc0.9-0.2,1.5-1.9,1.5-1.9c0,0,0.6-1.5,2.7-0.3c1.2,0.7,3.5,2.8,5.6,2.2c0.9-0.2,1.5-1.9,1.5-1.9s0.6-1.5,2.7-0.3\tc1.2,0.7,3.5,2.8,5.6,2.2c0.9-0.2,1.5-1.9,1.5-1.9s0.6-1.5,2.7-0.3c1.2,0.7,3.5,2.8,5.6,2.2c0.9-0.2,1.5-1.9,1.5-1.9\ts0.6-1.5,2.7-0.3c1.2,0.7,3.5,2.8,5.6,2.2c0.9-0.2,1.5-1.9,1.5-1.9c0,0,0.6-1.5,2.7-0.3c1.2,0.7,3.5,2.8,5.6,2.2\tc0.9-0.2,1.5-1.9,1.5-1.9s0.6-1.5,2.7-0.3c1.2,0.7,3.5,2.8,5.6,2.2c0.9-0.2,1.5-1.9,1.5-1.9s0.6-1.5,2.7-0.3\tc1.2,0.7,3.5,2.8,5.6,2.2c0.9-0.2,1.5-1.9,1.5-1.9s0.6-1.5,2.7-0.3c1.2,0.7,3.5,2.8,5.6,2.2c0.9-0.2,1.5-1.9,1.5-1.9\tc0,0,0.6-1.5,2.7-0.3c1.2,0.7,3.5,2.8,5.6,2.2c0.9-0.2,1.5-1.9,1.5-1.9c0,0,0.6-1.5,2.7-0.3c1.2,0.7,3.5,2.8,5.6,2.2\tc0.9-0.2,1.5-1.9,1.5-1.9s0.6-1.5,2.7-0.3c1.2,0.7,3.5,2.8,5.6,2.2c0.9-0.2,1.5-1.9,1.5-1.9s0.6-1.5,2.7-0.3\tc1.2,0.7,3.5,2.8,5.6,2.2c0.9-0.2,1.5-1.9,1.5-1.9s0.6-1.5,2.6-0.4V0z M2.5,1.2C2.5,1.2,2.5,1.2,2.5,1.2C2.5,1.2,2.5,1.2,2.5,1.2z M2.7,1.4c0.1,0,0.1,0.1,0.1,0.1C2.8,1.4,2.8,1.4,2.7,1.4z\"\/>\n<\/svg>\t\t<\/div>\n\t\t\t\t\t<div class=\"elementor-container elementor-column-gap-default\">\n\t\t\t\t\t<div class=\"elementor-column elementor-col-100 elementor-top-column elementor-element elementor-element-27874c6\" data-id=\"27874c6\" data-element_type=\"column\" data-e-type=\"column\" data-settings=\"{&quot;background_background&quot;:&quot;classic&quot;}\">\n\t\t\t<div class=\"elementor-widget-wrap elementor-element-populated\">\n\t\t\t\t\t\t<div class=\"elementor-element elementor-element-bdae1fe elementor-widget__width-initial elementor-invisible elementor-widget elementor-widget-html\" data-id=\"bdae1fe\" data-element_type=\"widget\" data-e-type=\"widget\" data-settings=\"{&quot;_animation&quot;:&quot;rotateInDownLeft&quot;}\" data-widget_type=\"html.default\">\n\t\t\t\t<div class=\"elementor-widget-container\">\n\t\t\t\t\t<div>\n<script src=\"https:\/\/services.data.shom.fr\/hdm\/vignette\/grande\/TREZ-HIR?locale=fr\"><\/script>\n<\/div>\t\t\t\t<\/div>\n\t\t\t\t<\/div>\n\t\t\t\t\t<\/div>\n\t\t<\/div>\n\t\t\t\t\t<\/div>\n\t\t<\/section>\n\t\t\t\t<\/div>\n\t\t","protected":false},"excerpt":{"rendered":"<p>Pr\u00e9diction p\u00eache P\u00e9riodes solunaires<\/p>\n","protected":false},"author":1,"featured_media":0,"parent":4637,"menu_order":1,"comment_status":"closed","ping_status":"closed","template":"elementor_theme","meta":{"colormag_page_container_layout":"no_sidebar_full_width","colormag_page_sidebar_layout":"no_sidebar","footnotes":""},"class_list":["post-2402","page","type-page","status-publish","hentry"],"_links":{"self":[{"href":"https:\/\/polo.legtux.org\/WP\/wp-json\/wp\/v2\/pages\/2402","targetHints":{"allow":["GET"]}}],"collection":[{"href":"https:\/\/polo.legtux.org\/WP\/wp-json\/wp\/v2\/pages"}],"about":[{"href":"https:\/\/polo.legtux.org\/WP\/wp-json\/wp\/v2\/types\/page"}],"author":[{"embeddable":true,"href":"https:\/\/polo.legtux.org\/WP\/wp-json\/wp\/v2\/users\/1"}],"replies":[{"embeddable":true,"href":"https:\/\/polo.legtux.org\/WP\/wp-json\/wp\/v2\/comments?post=2402"}],"version-history":[{"count":288,"href":"https:\/\/polo.legtux.org\/WP\/wp-json\/wp\/v2\/pages\/2402\/revisions"}],"predecessor-version":[{"id":6237,"href":"https:\/\/polo.legtux.org\/WP\/wp-json\/wp\/v2\/pages\/2402\/revisions\/6237"}],"up":[{"embeddable":true,"href":"https:\/\/polo.legtux.org\/WP\/wp-json\/wp\/v2\/pages\/4637"}],"wp:attachment":[{"href":"https:\/\/polo.legtux.org\/WP\/wp-json\/wp\/v2\/media?parent=2402"}],"curies":[{"name":"wp","href":"https:\/\/api.w.org\/{rel}","templated":true}]}}