{"id":1791,"date":"2020-12-27T17:53:56","date_gmt":"2020-12-27T16:53:56","guid":{"rendered":"https:\/\/polo.legtux.org\/WP\/?page_id=1791"},"modified":"2023-12-04T22:15:58","modified_gmt":"2023-12-04T21:15:58","slug":"cgu","status":"publish","type":"page","link":"https:\/\/polo.legtux.org\/WP\/cgu\/","title":{"rendered":"CGU"},"content":{"rendered":"<h2 style=\"text-align: center;\"><strong><span style=\"color: #0000ff;\">Conditions g\u00e9n\u00e9rales d&#8217;utilisation<\/span><\/strong><\/h2>\n<p style=\"text-align: center;\"><em>En vigueur au 27\/12\/2020<\/em><\/p>\n<p>Les pr\u00e9sentes conditions g\u00e9n\u00e9rales d&#8217;utilisation (dites \u00ab CGU \u00bb) ont pour objet l&#8217;encadrement juridique des modalit\u00e9s de mise \u00e0 disposition du site, des services et de d\u00e9finir les conditions d\u2019acc\u00e8s et d\u2019utilisation des services par \u00ab l&#8217;Utilisateur \u00bb.<br \/>Les pr\u00e9sentes CGU sont accessibles sur le site \u00e0 la rubrique \u00abCGU\u00bb.<\/p>\n<h4><span style=\"color: #0000ff;\">Article 1 : Les mentions l\u00e9gales<\/span><\/h4>\n<p>L\u2019\u00e9dition et la direction de la publication du site https:\/\/polo.legtux.org est assur\u00e9e par Jean-Marc Richeux, domicili\u00e9 \u00e0 Brest.<br \/>Num\u00e9ro de t\u00e9l\u00e9phone est +336 08 55 37 12<br \/>Adresse e-mail polo@legtux.org.<\/p>\n<p>L&#8217;h\u00e9bergeur du site \u00ab https:\/\/polo.legtux.org \u00bb est assur\u00e9 par Legtux.org sur un serveur OVH<\/p>\n<h4><span style=\"color: #0000ff;\">ARTICLE 2 : Acc\u00e8s au site<\/span><\/h4>\n<p>Le site https:\/\/polo.legtux.org est accessible gratuitement en tout lieu \u00e0 tout Utilisateur ayant un acc\u00e8s \u00e0 Internet. Tous les frais support\u00e9s par l&#8217;Utilisateur pour acc\u00e9der au service (mat\u00e9riel informatique, logiciels, connexion Internet, etc.) sont \u00e0 sa charge.<\/p>\n<h4><span style=\"color: #0000ff;\">ARTICLE 3 : Collecte des donn\u00e9es<\/span><\/h4>\n<p>Le site est exempt\u00e9 de d\u00e9claration \u00e0 la Commission Nationale Informatique et Libert\u00e9s (CNIL) dans la mesure o\u00f9 il ne collecte aucune donn\u00e9e concernant les Utilisateurs.<\/p>\n<h4><span style=\"color: #0000ff;\">ARTICLE 4 : Propri\u00e9t\u00e9 intellectuelle<\/span><\/h4>\n<p>Les marques, logos, signes ainsi que tous les contenus du site (textes, images, son\u2026) font l&#8217;objet d&#8217;une protection par le Code de la propri\u00e9t\u00e9 intellectuelle et plus particuli\u00e8rement par le droit d&#8217;auteur.<\/p>\n<p>L&#8217;Utilisateur doit solliciter l&#8217;autorisation pr\u00e9alable du site pour toute reproduction, publication, copie des diff\u00e9rents contenus. Il s&#8217;engage \u00e0 une utilisation des contenus du site dans un cadre strictement priv\u00e9, toute utilisation \u00e0 des fins commerciales et publicitaires est strictement interdite.<br \/>Toute repr\u00e9sentation totale ou partielle de ce site par quelque proc\u00e9d\u00e9 que ce soit, sans l\u2019autorisation expresse de l\u2019exploitant du site Internet constituerait une contrefa\u00e7on sanctionn\u00e9e par l\u2019article L 335-2 et suivants du Code de la propri\u00e9t\u00e9 intellectuelle.<br \/>Il est rappel\u00e9 conform\u00e9ment \u00e0 l\u2019article L122-5 du Code de propri\u00e9t\u00e9 intellectuelle que l\u2019Utilisateur qui reproduit, copie ou publie le contenu prot\u00e9g\u00e9 doit citer l\u2019auteur et sa source.<\/p>\n<h4><span style=\"color: #0000ff;\">ARTICLE 5 : Responsabilit\u00e9<\/span><\/h4>\n<p>Les sources des informations diffus\u00e9es sur le site https:\/\/polo.legtux.org sont r\u00e9put\u00e9es fiables mais le site ne garantit pas qu\u2019il soit exempt de d\u00e9fauts, d\u2019erreurs ou d\u2019omissions.<br \/>Les informations communiqu\u00e9es sont pr\u00e9sent\u00e9es \u00e0 titre indicatif et g\u00e9n\u00e9ral sans valeur contractuelle. Malgr\u00e9 des mises \u00e0 jour r\u00e9guli\u00e8res, le site https:\/\/polo.legtux.org ne peut \u00eatre tenu responsable de la modification des dispositions administratives et juridiques survenant apr\u00e8s la publication. De m\u00eame, le site ne peut \u00eatre tenue responsable de l\u2019utilisation et de l\u2019interpr\u00e9tation de l\u2019information contenue dans ce site.<\/p>\n<p>Le site https:\/\/polo.legtux.org ne peut \u00eatre tenu pour responsable d\u2019\u00e9ventuels virus qui pourraient infecter l\u2019ordinateur ou tout mat\u00e9riel informatique de l\u2019Internaute, suite \u00e0 une utilisation, \u00e0 l\u2019acc\u00e8s, ou au t\u00e9l\u00e9chargement provenant de ce site.<br \/>La responsabilit\u00e9 du site ne peut \u00eatre engag\u00e9e en cas de force majeure ou du fait impr\u00e9visible et insurmontable d&#8217;un tiers.<\/p>\n<h4><span style=\"color: #0000ff;\">ARTICLE 6 : Liens hypertextes<\/span><\/h4>\n<p>Des liens hypertextes peuvent \u00eatre pr\u00e9sents sur le site. L\u2019Utilisateur est inform\u00e9 qu\u2019en cliquant sur ces liens, il sortira du site https:\/\/polo.legtux.org. Ce dernier n\u2019a pas de contr\u00f4le sur les pages web sur lesquelles aboutissent ces liens et ne saurait, en aucun cas, \u00eatre responsable de leur contenu.<\/p>\n<h4><span style=\"color: #0000ff;\">ARTICLE 7 : Cookies<\/span><\/h4>\n<p>L\u2019Utilisateur est inform\u00e9 que lors de ses visites sur le site, un cookie peut s\u2019installer automatiquement sur son logiciel de navigation.<br \/>Les cookies sont de petits fichiers stock\u00e9s temporairement sur le disque dur de l\u2019ordinateur de l\u2019Utilisateur par votre navigateur et qui sont n\u00e9cessaires \u00e0 l\u2019utilisation du site https:\/\/polo.legtux.org. Les cookies ne contiennent pas d\u2019information personnelle et ne peuvent pas \u00eatre utilis\u00e9s pour identifier quelqu\u2019un. Un cookie contient un identifiant unique, g\u00e9n\u00e9r\u00e9 al\u00e9atoirement et donc anonyme. Certains cookies expirent \u00e0 la fin de la visite de l\u2019Utilisateur, d\u2019autres restent.<br \/>L\u2019information contenue dans les cookies est utilis\u00e9e pour am\u00e9liorer le site https:\/\/polo.legtux.org.<br \/>En naviguant sur le site, L\u2019Utilisateur les accepte.<\/p>\n<p>L\u2019Utilisateur pourra d\u00e9sactiver ces cookies par l\u2019interm\u00e9diaire des param\u00e8tres figurant au sein de son logiciel de navigation.<\/p>\n<h4><span style=\"color: #0000ff;\">ARTICLE 8 : Droit applicable et juridiction comp\u00e9tente<\/span><\/h4>\n<p>La l\u00e9gislation fran\u00e7aise s&#8217;applique au pr\u00e9sent contrat. En cas d&#8217;absence de r\u00e9solution amiable d&#8217;un litige n\u00e9 entre les parties, les tribunaux fran\u00e7ais seront seuls comp\u00e9tents pour en conna\u00eetre.<br \/>Pour toute question relative \u00e0 l\u2019application des pr\u00e9sentes CGU, vous pouvez joindre l\u2019\u00e9diteur aux coordonn\u00e9es inscrites \u00e0 l\u2019ARTICLE 1.<\/p>\n\n<div class='printomatic pom-small ' id='id1603'  data-print_target='article'><\/div>\n","protected":false},"excerpt":{"rendered":"<p>Conditions g\u00e9n\u00e9rales d&#8217;utilisation En vigueur au 27\/12\/2020 Les pr\u00e9sentes conditions g\u00e9n\u00e9rales d&#8217;utilisation (dites \u00ab CGU \u00bb) ont pour objet l&#8217;encadrement<\/p>\n","protected":false},"author":6,"featured_media":0,"parent":0,"menu_order":0,"comment_status":"closed","ping_status":"closed","template":"","meta":{"colormag_page_container_layout":"no_sidebar_full_width","colormag_page_sidebar_layout":"no_sidebar","footnotes":""},"class_list":["post-1791","page","type-page","status-publish","hentry"],"_links":{"self":[{"href":"https:\/\/polo.legtux.org\/WP\/wp-json\/wp\/v2\/pages\/1791","targetHints":{"allow":["GET"]}}],"collection":[{"href":"https:\/\/polo.legtux.org\/WP\/wp-json\/wp\/v2\/pages"}],"about":[{"href":"https:\/\/polo.legtux.org\/WP\/wp-json\/wp\/v2\/types\/page"}],"author":[{"embeddable":true,"href":"https:\/\/polo.legtux.org\/WP\/wp-json\/wp\/v2\/users\/6"}],"replies":[{"embeddable":true,"href":"https:\/\/polo.legtux.org\/WP\/wp-json\/wp\/v2\/comments?post=1791"}],"version-history":[{"count":3,"href":"https:\/\/polo.legtux.org\/WP\/wp-json\/wp\/v2\/pages\/1791\/revisions"}],"predecessor-version":[{"id":5661,"href":"https:\/\/polo.legtux.org\/WP\/wp-json\/wp\/v2\/pages\/1791\/revisions\/5661"}],"wp:attachment":[{"href":"https:\/\/polo.legtux.org\/WP\/wp-json\/wp\/v2\/media?parent=1791"}],"curies":[{"name":"wp","href":"https:\/\/api.w.org\/{rel}","templated":true}]}}