{"id":1523,"date":"2020-02-03T15:18:51","date_gmt":"2020-02-03T14:18:51","guid":{"rendered":"https:\/\/polo.legtux.org\/WP\/?page_id=1523"},"modified":"2023-06-29T21:52:18","modified_gmt":"2023-06-29T19:52:18","slug":"la-boutique-de-mam","status":"publish","type":"page","link":"https:\/\/polo.legtux.org\/WP\/l-atelier-de-mam\/la-boutique-de-mam\/","title":{"rendered":"La boutique de Mam"},"content":{"rendered":"\t\t<div data-elementor-type=\"wp-page\" data-elementor-id=\"1523\" class=\"elementor elementor-1523\">\n\t\t\t\t\t\t<section class=\"elementor-section elementor-top-section elementor-element elementor-element-4d42f336 elementor-section-full_width elementor-section-height-default elementor-section-height-default\" data-id=\"4d42f336\" data-element_type=\"section\" data-e-type=\"section\">\n\t\t\t\t\t\t<div class=\"elementor-container elementor-column-gap-default\">\n\t\t\t\t\t<div class=\"elementor-column elementor-col-100 elementor-top-column elementor-element elementor-element-5fdcf90\" data-id=\"5fdcf90\" data-element_type=\"column\" data-e-type=\"column\">\n\t\t\t<div class=\"elementor-widget-wrap\">\n\t\t\t\t\t\t\t<\/div>\n\t\t<\/div>\n\t\t\t\t\t<\/div>\n\t\t<\/section>\n\t\t\t\t<section class=\"elementor-section elementor-top-section elementor-element elementor-element-ef36de1 elementor-section-full_width elementor-section-height-default elementor-section-height-default\" data-id=\"ef36de1\" data-element_type=\"section\" data-e-type=\"section\">\n\t\t\t\t\t\t<div class=\"elementor-container elementor-column-gap-default\">\n\t\t\t\t\t<div class=\"elementor-column elementor-col-50 elementor-top-column elementor-element elementor-element-3f1ee29\" data-id=\"3f1ee29\" data-element_type=\"column\" data-e-type=\"column\">\n\t\t\t<div class=\"elementor-widget-wrap elementor-element-populated\">\n\t\t\t\t\t\t<div class=\"elementor-element elementor-element-2640b667 elementor-widget elementor-widget-text-editor\" data-id=\"2640b667\" data-element_type=\"widget\" data-e-type=\"widget\" data-widget_type=\"text-editor.default\">\n\t\t\t\t<div class=\"elementor-widget-container\">\n\t\t\t\t\t\t\t\t\t<p><\/p>\n\n<p><img fetchpriority=\"high\" decoding=\"async\" class=\"size-medium wp-image-1838 alignleft\" src=\"https:\/\/polo.legtux.org\/WP\/wp-content\/uploads\/2021\/01\/20191021_181258-169x300.jpg\" alt=\"\" width=\"169\" height=\"300\" srcset=\"https:\/\/polo.legtux.org\/WP\/wp-content\/uploads\/2021\/01\/20191021_181258-169x300.jpg 169w, https:\/\/polo.legtux.org\/WP\/wp-content\/uploads\/2021\/01\/20191021_181258-1503x2672.jpg 1503w, https:\/\/polo.legtux.org\/WP\/wp-content\/uploads\/2021\/01\/20191021_181258-768x1365.jpg 768w, https:\/\/polo.legtux.org\/WP\/wp-content\/uploads\/2021\/01\/20191021_181258-864x1536.jpg 864w, https:\/\/polo.legtux.org\/WP\/wp-content\/uploads\/2021\/01\/20191021_181258-1152x2048.jpg 1152w, https:\/\/polo.legtux.org\/WP\/wp-content\/uploads\/2021\/01\/20191021_181258-scaled.jpg 1440w\" sizes=\"(max-width: 169px) 100vw, 169px\" \/><\/p>\n<p>Sac Gris perle<\/p>\n<p>R\u00e9f\u00e9rence 181258<\/p>\n<p>Prix = 20.00 \u20ac<\/p>\n<p><div class=\"wpsc_product\"><div class=\"wp_cart_button_wrapper\"><form method=\"post\" class=\"wp-cart-button-form\" action=\"\" style=\"display:inline\" onsubmit=\"return ReadForm(this, true);\" ><input type=\"hidden\" id=\"_wpnonce\" name=\"_wpnonce\" value=\"9d4d2dfb32\" \/><input type=\"hidden\" name=\"_wp_http_referer\" value=\"\/WP\/wp-json\/wp\/v2\/pages\/1523\" \/><div class=\"wp_cart_variation_section\"><span class=\"wp_cart_variation_name\">Taille : <\/span><select name=\"variation1\" class=\"wp_cart_variation1_select\" onchange=\"ReadForm (this.form, false);\"><option value=\"adulte\" data-display-text=\"adulte\" data-price=\"0\">adulte<\/option><option value=\"enfant\" data-display-text=\"enfant\" data-price=\"0\">enfant<\/option><\/select><br \/><span class=\"wp_cart_variation_name\">Teinte : <\/span><select name=\"variation2\" class=\"wp_cart_variation2_select\" onchange=\"ReadForm (this.form, false);\"><option value=\"gris\" data-display-text=\"gris\" data-price=\"0\">gris<\/option><option value=\"bleu\" data-display-text=\"bleu\" data-price=\"0\">bleu<\/option><option value=\"orange\" data-display-text=\"orange\" data-price=\"0\">orange<\/option><\/select><br \/><span class=\"wp_cart_variation_name\">Version : <\/span><select name=\"variation3\" class=\"wp_cart_variation3_select\" onchange=\"ReadForm (this.form, false);\"><option value=\"bandouli\u00e8re\" data-display-text=\"bandouli\u00e8re\" data-price=\"0\">bandouli\u00e8re<\/option><option value=\"sac \u00e0 dos\" data-display-text=\"sac \u00e0 dos\" data-price=\"0\">sac \u00e0 dos<\/option><\/select><br \/><\/div><input type=\"image\" src=\"https:\/\/polo.legtux.org\/WP\/wp-content\/uploads\/ajouteraupanier-1-e1633382890468.jpg\" class=\"wp_cart_button\" alt=\"Ajouter au panier\"\/><input type=\"hidden\" name=\"wspsc_product\" value=\"181258\" \/><input type=\"hidden\" name=\"price\" value=\"20.00\" \/><input type=\"hidden\" name=\"shipping\" value=\"0\" \/><input type=\"hidden\" name=\"addcart\" value=\"1\" \/><input type=\"hidden\" name=\"cartLink\" value=\"https:\/\/polo.legtux.org\/WP\/wp-json\/wp\/v2\/pages\/1523\" \/><input type=\"hidden\" name=\"product_tmp\" value=\"181258\" \/><input type=\"hidden\" name=\"product_tmp_two\" value=\"181258\" \/><input type=\"hidden\" name=\"item_number\" value=\"\" \/><div class=\"wpsc_add_cart_response_div\"><\/div><\/form><\/div><\/div><\/p>\n<p>&nbsp;<\/p>\n<p>&nbsp;<\/p>\n<p>&nbsp;<\/p>\n<hr>\n<p><img decoding=\"async\" class=\"size-medium wp-image-1525 alignleft\" src=\"https:\/\/polo.legtux.org\/WP\/wp-content\/uploads\/2020\/02\/20200203_133201-169x300.jpg\" alt=\"\" width=\"169\" height=\"300\" srcset=\"https:\/\/polo.legtux.org\/WP\/wp-content\/uploads\/2020\/02\/20200203_133201-169x300.jpg 169w, https:\/\/polo.legtux.org\/WP\/wp-content\/uploads\/2020\/02\/20200203_133201-1503x2672.jpg 1503w, https:\/\/polo.legtux.org\/WP\/wp-content\/uploads\/2020\/02\/20200203_133201-768x1365.jpg 768w, https:\/\/polo.legtux.org\/WP\/wp-content\/uploads\/2020\/02\/20200203_133201-864x1536.jpg 864w, https:\/\/polo.legtux.org\/WP\/wp-content\/uploads\/2020\/02\/20200203_133201-1152x2048.jpg 1152w, https:\/\/polo.legtux.org\/WP\/wp-content\/uploads\/2020\/02\/20200203_133201-scaled.jpg 1440w\" sizes=\"(max-width: 169px) 100vw, 169px\" \/><\/p>\n<p>&nbsp;<\/p>\n<p>Sac \u00e0 dos<\/p>\n<p>R\u00e9f\u00e9rence 133201<\/p>\n<p>Prix = 18.00 \u20ac<\/p>\n<p>&nbsp;<\/p>\n<p><div class=\"wpsc_product\"><div class=\"wp_cart_button_wrapper\"><form method=\"post\" class=\"wp-cart-button-form\" action=\"\" style=\"display:inline\" onsubmit=\"return ReadForm(this, true);\" ><input type=\"hidden\" id=\"_wpnonce\" name=\"_wpnonce\" value=\"9d4d2dfb32\" \/><input type=\"hidden\" name=\"_wp_http_referer\" value=\"\/WP\/wp-json\/wp\/v2\/pages\/1523\" \/><input type=\"image\" src=\"https:\/\/polo.legtux.org\/WP\/wp-content\/uploads\/ajouteraupanier-1-e1633382890468.jpg\" class=\"wp_cart_button\" alt=\"Ajouter au panier\"\/><input type=\"hidden\" name=\"wspsc_product\" value=\"133201\" \/><input type=\"hidden\" name=\"price\" value=\"18.00\" \/><input type=\"hidden\" name=\"shipping\" value=\"0\" \/><input type=\"hidden\" name=\"addcart\" value=\"1\" \/><input type=\"hidden\" name=\"cartLink\" value=\"https:\/\/polo.legtux.org\/WP\/wp-json\/wp\/v2\/pages\/1523\" \/><input type=\"hidden\" name=\"product_tmp\" value=\"133201\" \/><input type=\"hidden\" name=\"product_tmp_two\" value=\"133201\" \/><input type=\"hidden\" name=\"item_number\" value=\"\" \/><div class=\"wpsc_add_cart_response_div\"><\/div><\/form><\/div><\/div><\/p>\n<p>&nbsp;<\/p>\n<p>&nbsp;<\/p>\n<p>&nbsp;<\/p>\n<hr>\n<p>&nbsp;<\/p>\n<p>&nbsp;<\/p>\n<p><\/p>\t\t\t\t\t\t\t\t<\/div>\n\t\t\t\t<\/div>\n\t\t\t\t\t<\/div>\n\t\t<\/div>\n\t\t\t\t<div class=\"elementor-column elementor-col-50 elementor-top-column elementor-element elementor-element-c40b4c8 elementor-invisible\" data-id=\"c40b4c8\" data-element_type=\"column\" data-e-type=\"column\" data-settings=\"{&quot;animation&quot;:&quot;fadeIn&quot;}\">\n\t\t\t<div class=\"elementor-widget-wrap elementor-element-populated\">\n\t\t\t\t\t\t<div class=\"elementor-element elementor-element-5bcaba4 elementor-widget elementor-widget-html\" data-id=\"5bcaba4\" data-element_type=\"widget\" data-e-type=\"widget\" data-widget_type=\"html.default\">\n\t\t\t\t<div class=\"elementor-widget-container\">\n\t\t\t\t\t<div class=\"wpsc_shopping_cart_container\"><\/div>\t\t\t\t<\/div>\n\t\t\t\t<\/div>\n\t\t\t\t\t<\/div>\n\t\t<\/div>\n\t\t\t\t\t<\/div>\n\t\t<\/section>\n\t\t\t\t<\/div>\n\t\t","protected":false},"excerpt":{"rendered":"<p>Sac Gris perle R\u00e9f\u00e9rence 181258 Prix = 20.00 \u20ac &nbsp; &nbsp; &nbsp; &nbsp; Sac \u00e0 dos R\u00e9f\u00e9rence 133201 Prix =<\/p>\n","protected":false},"author":1,"featured_media":0,"parent":2870,"menu_order":0,"comment_status":"closed","ping_status":"closed","template":"","meta":{"colormag_page_container_layout":"no_sidebar_full_width","colormag_page_sidebar_layout":"no_sidebar","footnotes":""},"class_list":["post-1523","page","type-page","status-publish","hentry"],"_links":{"self":[{"href":"https:\/\/polo.legtux.org\/WP\/wp-json\/wp\/v2\/pages\/1523","targetHints":{"allow":["GET"]}}],"collection":[{"href":"https:\/\/polo.legtux.org\/WP\/wp-json\/wp\/v2\/pages"}],"about":[{"href":"https:\/\/polo.legtux.org\/WP\/wp-json\/wp\/v2\/types\/page"}],"author":[{"embeddable":true,"href":"https:\/\/polo.legtux.org\/WP\/wp-json\/wp\/v2\/users\/1"}],"replies":[{"embeddable":true,"href":"https:\/\/polo.legtux.org\/WP\/wp-json\/wp\/v2\/comments?post=1523"}],"version-history":[{"count":27,"href":"https:\/\/polo.legtux.org\/WP\/wp-json\/wp\/v2\/pages\/1523\/revisions"}],"predecessor-version":[{"id":5532,"href":"https:\/\/polo.legtux.org\/WP\/wp-json\/wp\/v2\/pages\/1523\/revisions\/5532"}],"up":[{"embeddable":true,"href":"https:\/\/polo.legtux.org\/WP\/wp-json\/wp\/v2\/pages\/2870"}],"wp:attachment":[{"href":"https:\/\/polo.legtux.org\/WP\/wp-json\/wp\/v2\/media?parent=1523"}],"curies":[{"name":"wp","href":"https:\/\/api.w.org\/{rel}","templated":true}]}}